{"id":11017,"date":"2024-11-18T16:23:46","date_gmt":"2024-11-18T16:23:46","guid":{"rendered":"https:\/\/zenitcapital.com\/?page_id=11017"},"modified":"2025-07-30T12:34:44","modified_gmt":"2025-07-30T12:34:44","slug":"investment-advisory","status":"publish","type":"page","link":"https:\/\/zenitcapital.com\/es\/investment-advisory\/","title":{"rendered":"Gesti\u00f3n de Inversiones"},"content":{"rendered":"<div data-elementor-type=\"wp-page\" data-elementor-id=\"11017\" class=\"elementor elementor-11017\">\n\t\t\t\t\t\t<section class=\"elementor-section elementor-top-section elementor-element elementor-element-a129730 elementor-section-full_width elementor-section-height-default elementor-section-height-default qodef-elementor-content-no\" data-id=\"a129730\" data-element_type=\"section\" data-e-type=\"section\">\n\t\t\t\t\t\t<div class=\"elementor-container elementor-column-gap-default\">\n\t\t\t\t\t<div class=\"elementor-column elementor-col-50 elementor-top-column elementor-element elementor-element-54ef830\" data-id=\"54ef830\" data-element_type=\"column\" data-e-type=\"column\" data-settings=\"{&quot;background_background&quot;:&quot;classic&quot;}\">\n\t\t\t<div class=\"elementor-widget-wrap elementor-element-populated\">\n\t\t\t\t\t\t<div class=\"elementor-element elementor-element-96e6dc7 elementor-widget elementor-widget-halstein_core_single_image\" data-id=\"96e6dc7\" data-element_type=\"widget\" data-e-type=\"widget\" data-widget_type=\"halstein_core_single_image.default\">\n\t\t\t\t<div class=\"elementor-widget-container\">\n\t\t\t\t\t<div class=\"qodef-shortcode qodef-m  qodef-single-image qodef-layout--default   qodef--has-appear qodef-direction--from-left qodef--fullheight\">\n\t<div class=\"qodef-m-image\">\n\t\t\t\t<img fetchpriority=\"high\" decoding=\"async\" width=\"1080\" height=\"720\" src=\"https:\/\/zenitcapital.com\/wp-content\/uploads\/2024\/11\/maarten-van-den-heuvel-_pc8aMbI9Uplash.jpg\" class=\"attachment-full size-full\" alt=\"\" srcset=\"https:\/\/zenitcapital.com\/wp-content\/uploads\/2024\/11\/maarten-van-den-heuvel-_pc8aMbI9Uplash.jpg 1080w, https:\/\/zenitcapital.com\/wp-content\/uploads\/2024\/11\/maarten-van-den-heuvel-_pc8aMbI9Uplash-300x200.jpg 300w, https:\/\/zenitcapital.com\/wp-content\/uploads\/2024\/11\/maarten-van-den-heuvel-_pc8aMbI9Uplash-1024x683.jpg 1024w, https:\/\/zenitcapital.com\/wp-content\/uploads\/2024\/11\/maarten-van-den-heuvel-_pc8aMbI9Uplash-768x512.jpg 768w\" sizes=\"(max-width: 1080px) 100vw, 1080px\" \/>\t\t\t<\/div>\n<\/div>\n\t\t\t\t<\/div>\n\t\t\t\t<\/div>\n\t\t\t\t\t<\/div>\n\t\t<\/div>\n\t\t\t\t<div class=\"elementor-column elementor-col-50 elementor-top-column elementor-element elementor-element-3b0f64f\" data-id=\"3b0f64f\" data-element_type=\"column\" data-e-type=\"column\" data-settings=\"{&quot;background_background&quot;:&quot;classic&quot;}\">\n\t\t\t<div class=\"elementor-widget-wrap elementor-element-populated\">\n\t\t\t\t\t<div class=\"elementor-background-overlay\"><\/div>\n\t\t\t\t\t\t<div class=\"elementor-element elementor-element-a14b8d0 elementor-widget elementor-widget-halstein_core_section_title\" data-id=\"a14b8d0\" data-element_type=\"widget\" data-e-type=\"widget\" data-widget_type=\"halstein_core_section_title.default\">\n\t\t\t\t<div class=\"elementor-widget-container\">\n\t\t\t\t\t<div class=\"qodef-shortcode qodef-m product-subtitle qodef-section-title qodef-alignment--left\">\n\t\t<h5 class=\"qodef-m-tagline\" style=\"color: #D5C899\">\n\t\tAcerca de \t<\/h5>\n\t\t<h2 class=\"qodef-m-title\" style=\"color: #FFFFFF\">\n\t\t\t\t\tZenit<br> Gesti\u00f3n de Inversiones\t\t\t<\/h2>\n\t\t<h5 class=\"qodef-m-subtitle\" style=\"margin-top: 7px;color: #D5C899\">\n\t\tDescubriendo Precisi\u00f3n en Patrimonios\t<\/h5>\n\t\t<\/div>\n\t\t\t\t<\/div>\n\t\t\t\t<\/div>\n\t\t\t\t<div class=\"elementor-element elementor-element-0247aef elementor-widget elementor-widget-text-editor\" data-id=\"0247aef\" data-element_type=\"widget\" data-e-type=\"widget\" data-widget_type=\"text-editor.default\">\n\t\t\t\t<div class=\"elementor-widget-container\">\n\t\t\t\t\t\t\t\t\t<p>Bienvenido a Zenit Gesti\u00f3n de Inversiones, donde la precisi\u00f3n se encuentra con el rendimiento. Nuestro compromiso con la excelencia se extiende <em><strong><b>m\u00e1s all\u00e1 de la gesti\u00f3n de patrimonio,<\/b><\/strong><\/em> sumergi\u00e9ndonos en el \u00e1mbito de las estrategias de inversi\u00f3n y la tecnolog\u00eda de vanguardia. Descubre una nueva era de sofisticaci\u00f3n en inversiones.<\/p>\t\t\t\t\t\t\t\t<\/div>\n\t\t\t\t<\/div>\n\t\t\t\t\t<\/div>\n\t\t<\/div>\n\t\t\t\t\t<\/div>\n\t\t<\/section>\n\t\t\t\t<section class=\"elementor-section elementor-top-section elementor-element elementor-element-c48b8d7 elementor-section-full_width qodef-elementor-content-grid elementor-section-height-default elementor-section-height-default\" data-id=\"c48b8d7\" data-element_type=\"section\" data-e-type=\"section\" id=\"approach\">\n\t\t\t\t\t\t<div class=\"elementor-container elementor-column-gap-default\">\n\t\t\t\t\t<div class=\"elementor-column elementor-col-100 elementor-top-column elementor-element elementor-element-8507e41\" data-id=\"8507e41\" data-element_type=\"column\" data-e-type=\"column\">\n\t\t\t<div class=\"elementor-widget-wrap elementor-element-populated\">\n\t\t\t\t\t\t<div class=\"elementor-element elementor-element-d6f3b0f elementor-widget elementor-widget-halstein_core_section_title\" data-id=\"d6f3b0f\" data-element_type=\"widget\" data-e-type=\"widget\" data-widget_type=\"halstein_core_section_title.default\">\n\t\t\t\t<div class=\"elementor-widget-container\">\n\t\t\t\t\t<div class=\"qodef-shortcode qodef-m product-subtitle qodef-section-title qodef-alignment--left\">\n\t\t<h5 class=\"qodef-m-tagline\" style=\"color: #AA6D4B\">\n\t\tEnfoque\t<\/h5>\n\t\t<h2 class=\"qodef-m-title\" >\n\t\t\t\t\tPrecisi\u00f3n Estrat\u00e9gica,<\/span> <span class=\"qodef-highlight-text\" style=\"color: #AA6D4B\">Habilidad T\u00e1ctica\t\t\t<\/h2>\n\t\t\t<\/div>\n\t\t\t\t<\/div>\n\t\t\t\t<\/div>\n\t\t\t\t<div class=\"elementor-element elementor-element-728aca5 elementor-widget elementor-widget-text-editor\" data-id=\"728aca5\" data-element_type=\"widget\" data-e-type=\"widget\" data-widget_type=\"text-editor.default\">\n\t\t\t\t<div class=\"elementor-widget-container\">\n\t\t\t\t\t\t\t\t\t<p class=\"translation-block\">En Zenit, nuestro enfoque de inversi\u00f3n es una fusi\u00f3n de precisi\u00f3n estrat\u00e9gica y habilidad t\u00e1ctica. Navegamos por el panorama financiero con el compromiso de <em><strong><b>ofrecer estrategias de inversi\u00f3n y minimizar el riesgo.<\/b><\/strong><\/em> Explore un enfoque proactivo que aprovecha la tecnolog\u00eda y la experiencia para optimizar su trayectoria de inversi\u00f3n.<\/p>\t\t\t\t\t\t\t\t<\/div>\n\t\t\t\t<\/div>\n\t\t\t\t\t<\/div>\n\t\t<\/div>\n\t\t\t\t\t<\/div>\n\t\t<\/section>\n\t\t\t\t<section class=\"elementor-section elementor-top-section elementor-element elementor-element-09a11db elementor-section-full_width qodef-elementor-content-grid elementor-section-content-middle elementor-section-height-default elementor-section-height-default\" data-id=\"09a11db\" data-element_type=\"section\" data-e-type=\"section\" id=\"investment-insights\" data-settings=\"{&quot;background_background&quot;:&quot;classic&quot;}\">\n\t\t\t\t\t\t\t<div class=\"elementor-background-overlay\"><\/div>\n\t\t\t\t\t\t\t<div class=\"elementor-container elementor-column-gap-default\">\n\t\t\t\t\t<div class=\"elementor-column elementor-col-50 elementor-top-column elementor-element elementor-element-9fec40c\" data-id=\"9fec40c\" data-element_type=\"column\" data-e-type=\"column\">\n\t\t\t<div class=\"elementor-widget-wrap elementor-element-populated\">\n\t\t\t\t\t\t<div class=\"elementor-element elementor-element-e7d4dee elementor-widget elementor-widget-halstein_core_section_title\" data-id=\"e7d4dee\" data-element_type=\"widget\" data-e-type=\"widget\" data-widget_type=\"halstein_core_section_title.default\">\n\t\t\t\t<div class=\"elementor-widget-container\">\n\t\t\t\t\t<div class=\"qodef-shortcode qodef-m product-subtitle qodef-section-title qodef-alignment--left\">\n\t\t<h5 class=\"qodef-m-tagline\" style=\"color: #D5C899\">\n\t\tPerspectivas de Inversi\u00f3n\t<\/h5>\n\t\t<h3 class=\"qodef-m-title\" style=\"color: #FFFFFF\">\n\t\t\t\t\tM\u00e1s All\u00e1 de la Superficie, Perspectivas Perspicaces\t\t\t<\/h3>\n\t\t\t<\/div>\n\t\t\t\t<\/div>\n\t\t\t\t<\/div>\n\t\t\t\t\t<\/div>\n\t\t<\/div>\n\t\t\t\t<div class=\"elementor-column elementor-col-50 elementor-top-column elementor-element elementor-element-47c831d\" data-id=\"47c831d\" data-element_type=\"column\" data-e-type=\"column\">\n\t\t\t<div class=\"elementor-widget-wrap elementor-element-populated\">\n\t\t\t\t\t\t<div class=\"elementor-element elementor-element-baed614 elementor-widget elementor-widget-text-editor\" data-id=\"baed614\" data-element_type=\"widget\" data-e-type=\"widget\" data-widget_type=\"text-editor.default\">\n\t\t\t\t<div class=\"elementor-widget-container\">\n\t\t\t\t\t\t\t\t\t<p>Obtenga conocimientos en el mundo de las inversiones con el an\u00e1lisis experto de Zenit. Desde las tendencias globales hasta las \u00faltimas novedades en inversiones sistem\u00e1ticas, nuestras perspectivas van m\u00e1s all\u00e1 de la superficie, brind\u00e1ndole una comprensi\u00f3n m\u00e1s profunda <em><strong><b>de las fuerzas que dan forma al panorama de inversiones.<\/b><\/strong><\/em><\/p>\t\t\t\t\t\t\t\t<\/div>\n\t\t\t\t<\/div>\n\t\t\t\t\t<\/div>\n\t\t<\/div>\n\t\t\t\t\t<\/div>\n\t\t<\/section>\n\t\t\t\t<section class=\"elementor-section elementor-top-section elementor-element elementor-element-078ad86 elementor-section-full_width qodef-elementor-content-grid elementor-section-height-default elementor-section-height-default\" data-id=\"078ad86\" data-element_type=\"section\" data-e-type=\"section\" id=\"investment-solutions\" data-settings=\"{&quot;background_background&quot;:&quot;classic&quot;}\">\n\t\t\t\t\t\t\t<div class=\"elementor-background-overlay\"><\/div>\n\t\t\t\t\t\t\t<div class=\"elementor-container elementor-column-gap-default\">\n\t\t\t\t\t<div class=\"elementor-column elementor-col-100 elementor-top-column elementor-element elementor-element-332e338\" data-id=\"332e338\" data-element_type=\"column\" data-e-type=\"column\">\n\t\t\t<div class=\"elementor-widget-wrap elementor-element-populated\">\n\t\t\t\t\t\t<div class=\"elementor-element elementor-element-ff2bd79 elementor-widget elementor-widget-halstein_core_section_title\" data-id=\"ff2bd79\" data-element_type=\"widget\" data-e-type=\"widget\" data-widget_type=\"halstein_core_section_title.default\">\n\t\t\t\t<div class=\"elementor-widget-container\">\n\t\t\t\t\t<div class=\"qodef-shortcode qodef-m product-subtitle qodef-section-title qodef-alignment--left\">\n\t\t<h5 class=\"qodef-m-tagline\" style=\"color: #AA6D4B\">\n\t\tPrograma de Inversiones\t<\/h5>\n\t\t<h3 class=\"qodef-m-title\" >\n\t\t\t\t\tLibera el Poder de la Inversi\u00f3n Precisa\t\t\t<\/h3>\n\t\t\t<\/div>\n\t\t\t\t<\/div>\n\t\t\t\t<\/div>\n\t\t\t\t<div class=\"elementor-element elementor-element-03510fa elementor-widget elementor-widget-text-editor\" data-id=\"03510fa\" data-element_type=\"widget\" data-e-type=\"widget\" data-widget_type=\"text-editor.default\">\n\t\t\t\t<div class=\"elementor-widget-container\">\n\t\t\t\t\t\t\t\t\t<p>Redefine la forma en que accedes a los retornos.<\/p>\t\t\t\t\t\t\t\t<\/div>\n\t\t\t\t<\/div>\n\t\t\t\t<div class=\"elementor-element elementor-element-63169e9 elementor-widget elementor-widget-text-editor\" data-id=\"63169e9\" data-element_type=\"widget\" data-e-type=\"widget\" data-widget_type=\"text-editor.default\">\n\t\t\t\t<div class=\"elementor-widget-container translation-block\">El Programa de Inversi\u00f3n de Zenit est\u00e1 pensado para quienes <em><strong><b>buscan un rendimiento m\u00e1s all\u00e1 de lo convencional, dise\u00f1ado para desbloquear fuentes de rentabilidad no correlacionadas<\/b><\/strong><\/em> que mejoran las carteras tradicionales con inteligencia, innovaci\u00f3n y disciplina.<\/div>\n\t\t\t\t<\/div>\n\t\t\t\t<div class=\"elementor-element elementor-element-3ce47fc elementor-widget elementor-widget-text-editor\" data-id=\"3ce47fc\" data-element_type=\"widget\" data-e-type=\"widget\" data-widget_type=\"text-editor.default\">\n\t\t\t\t<div class=\"elementor-widget-container\">\n\t\t\t\t\t\t\t\t\t<p>Basado en los mismos principios que rigen el capital institucional: estructura, selectividad y claridad estrat\u00e9gica. Nuestro enfoque combina profundidad, rigor y alta convicci\u00f3n.<\/p>\t\t\t\t\t\t\t\t<\/div>\n\t\t\t\t<\/div>\n\t\t\t\t<div class=\"elementor-element elementor-element-1482f29 elementor-widget elementor-widget-text-editor\" data-id=\"1482f29\" data-element_type=\"widget\" data-e-type=\"widget\" data-widget_type=\"text-editor.default\">\n\t\t\t\t<div class=\"elementor-widget-container\">\n\t\t\t\t\t\t\t\t\t<p>Una arquitectura para quienes esperan m\u00e1s que solo rentabilidad.<\/p>\t\t\t\t\t\t\t\t<\/div>\n\t\t\t\t<\/div>\n\t\t\t\t<div class=\"elementor-element elementor-element-93adb77 elementor-widget elementor-widget-halstein_core_button\" data-id=\"93adb77\" data-element_type=\"widget\" data-e-type=\"widget\" data-widget_type=\"halstein_core_button.default\">\n\t\t\t\t<div class=\"elementor-widget-container\">\n\t\t\t\t\t<a class=\"qodef-shortcode qodef-m  qodef-button qodef-layout--filled-one qodef-size--small qodef-html--link\" href=\"\/es\/advisory-platform\/\" target=\"_self\"  style=\"color: #0A0A0A;background-color: #D5C899\">\n\t<span class=\"qodef-m-text\">Plataforma de asesoramiento<\/span>\n<\/a>\n\t\t\t\t<\/div>\n\t\t\t\t<\/div>\n\t\t\t\t\t<\/div>\n\t\t<\/div>\n\t\t\t\t\t<\/div>\n\t\t<\/section>\n\t\t\t\t<\/div>","protected":false},"excerpt":{"rendered":"<p>About Zenit Investment Advisory Unveiling Precision in Investing Welcome to Zenit Investment Advisory, where precision meets performance. Our commitment to excellence extends beyond wealth management, diving deep into the realm of investments strategies, and cutting-edge technology. Discover a new era of investment sophistication. Approach Strategic Precision, Tactical Mastery At Zenit, our investment approach is a [&hellip;]<\/p>\n","protected":false},"author":1,"featured_media":0,"parent":0,"menu_order":0,"comment_status":"closed","ping_status":"closed","template":"page-full-width.php","meta":{"footnotes":""},"class_list":["post-11017","page","type-page","status-publish","hentry"],"yoast_head":"<!-- This site is optimized with the Yoast SEO plugin v26.8 - https:\/\/yoast.com\/product\/yoast-seo-wordpress\/ -->\n<title>Investment Advisory - ZENIT<\/title>\n<meta name=\"robots\" content=\"index, follow, max-snippet:-1, max-image-preview:large, max-video-preview:-1\" \/>\n<link rel=\"canonical\" href=\"https:\/\/zenitcapital.com\/es\/investment-advisory\/\" \/>\n<meta property=\"og:locale\" content=\"es_ES\" \/>\n<meta property=\"og:type\" content=\"article\" \/>\n<meta property=\"og:title\" content=\"Investment Advisory - ZENIT\" \/>\n<meta property=\"og:description\" content=\"About Zenit Investment Advisory Unveiling Precision in Investing Welcome to Zenit Investment Advisory, where precision meets performance. Our commitment to excellence extends beyond wealth management, diving deep into the realm of investments strategies, and cutting-edge technology. Discover a new era of investment sophistication. Approach Strategic Precision, Tactical Mastery At Zenit, our investment approach is a [&hellip;]\" \/>\n<meta property=\"og:url\" content=\"https:\/\/zenitcapital.com\/es\/investment-advisory\/\" \/>\n<meta property=\"og:site_name\" content=\"ZENIT\" \/>\n<meta property=\"article:modified_time\" content=\"2025-07-30T12:34:44+00:00\" \/>\n<meta property=\"og:image\" content=\"https:\/\/zenitcapital.com\/wp-content\/uploads\/2024\/11\/maarten-van-den-heuvel-_pc8aMbI9Uplash.jpg\" \/>\n<meta name=\"twitter:card\" content=\"summary_large_image\" \/>\n<meta name=\"twitter:label1\" content=\"Est. reading time\" \/>\n\t<meta name=\"twitter:data1\" content=\"2 minutos\" \/>\n<script type=\"application\/ld+json\" class=\"yoast-schema-graph\">{\"@context\":\"https:\/\/schema.org\",\"@graph\":[{\"@type\":\"WebPage\",\"@id\":\"https:\/\/zenitcapital.com\/investment-advisory\/\",\"url\":\"https:\/\/zenitcapital.com\/investment-advisory\/\",\"name\":\"Investment Advisory - ZENIT\",\"isPartOf\":{\"@id\":\"https:\/\/zenitcapital.com\/#website\"},\"primaryImageOfPage\":{\"@id\":\"https:\/\/zenitcapital.com\/investment-advisory\/#primaryimage\"},\"image\":{\"@id\":\"https:\/\/zenitcapital.com\/investment-advisory\/#primaryimage\"},\"thumbnailUrl\":\"https:\/\/zenitcapital.com\/wp-content\/uploads\/2024\/11\/maarten-van-den-heuvel-_pc8aMbI9Uplash.jpg\",\"datePublished\":\"2024-11-18T16:23:46+00:00\",\"dateModified\":\"2025-07-30T12:34:44+00:00\",\"breadcrumb\":{\"@id\":\"https:\/\/zenitcapital.com\/investment-advisory\/#breadcrumb\"},\"inLanguage\":\"es-DO\",\"potentialAction\":[{\"@type\":\"ReadAction\",\"target\":[\"https:\/\/zenitcapital.com\/investment-advisory\/\"]}]},{\"@type\":\"ImageObject\",\"inLanguage\":\"es-DO\",\"@id\":\"https:\/\/zenitcapital.com\/investment-advisory\/#primaryimage\",\"url\":\"https:\/\/zenitcapital.com\/wp-content\/uploads\/2024\/11\/maarten-van-den-heuvel-_pc8aMbI9Uplash.jpg\",\"contentUrl\":\"https:\/\/zenitcapital.com\/wp-content\/uploads\/2024\/11\/maarten-van-den-heuvel-_pc8aMbI9Uplash.jpg\"},{\"@type\":\"BreadcrumbList\",\"@id\":\"https:\/\/zenitcapital.com\/investment-advisory\/#breadcrumb\",\"itemListElement\":[{\"@type\":\"ListItem\",\"position\":1,\"name\":\"Home\",\"item\":\"https:\/\/zenitcapital.com\/\"},{\"@type\":\"ListItem\",\"position\":2,\"name\":\"Investment Advisory\"}]},{\"@type\":\"WebSite\",\"@id\":\"https:\/\/zenitcapital.com\/#website\",\"url\":\"https:\/\/zenitcapital.com\/\",\"name\":\"ZENIT\",\"description\":\"Zenit tu punto m&aacute;s alto\",\"publisher\":{\"@id\":\"https:\/\/zenitcapital.com\/#organization\"},\"potentialAction\":[{\"@type\":\"SearchAction\",\"target\":{\"@type\":\"EntryPoint\",\"urlTemplate\":\"https:\/\/zenitcapital.com\/?s={search_term_string}\"},\"query-input\":{\"@type\":\"PropertyValueSpecification\",\"valueRequired\":true,\"valueName\":\"search_term_string\"}}],\"inLanguage\":\"es-DO\"},{\"@type\":\"Organization\",\"@id\":\"https:\/\/zenitcapital.com\/#organization\",\"name\":\"ZENIT\",\"url\":\"https:\/\/zenitcapital.com\/\",\"logo\":{\"@type\":\"ImageObject\",\"inLanguage\":\"es-DO\",\"@id\":\"https:\/\/zenitcapital.com\/#\/schema\/logo\/image\/\",\"url\":\"https:\/\/zenitcapital.com\/wp-content\/uploads\/2024\/11\/Asset-3@2x.webp\",\"contentUrl\":\"https:\/\/zenitcapital.com\/wp-content\/uploads\/2024\/11\/Asset-3@2x.webp\",\"width\":406,\"height\":100,\"caption\":\"ZENIT\"},\"image\":{\"@id\":\"https:\/\/zenitcapital.com\/#\/schema\/logo\/image\/\"}}]}<\/script>\n<!-- \/ Yoast SEO plugin. -->","yoast_head_json":{"title":"Investment Advisory - ZENIT","robots":{"index":"index","follow":"follow","max-snippet":"max-snippet:-1","max-image-preview":"max-image-preview:large","max-video-preview":"max-video-preview:-1"},"canonical":"https:\/\/zenitcapital.com\/es\/investment-advisory\/","og_locale":"es_ES","og_type":"article","og_title":"Investment Advisory - ZENIT","og_description":"About Zenit Investment Advisory Unveiling Precision in Investing Welcome to Zenit Investment Advisory, where precision meets performance. Our commitment to excellence extends beyond wealth management, diving deep into the realm of investments strategies, and cutting-edge technology. Discover a new era of investment sophistication. Approach Strategic Precision, Tactical Mastery At Zenit, our investment approach is a [&hellip;]","og_url":"https:\/\/zenitcapital.com\/es\/investment-advisory\/","og_site_name":"ZENIT","article_modified_time":"2025-07-30T12:34:44+00:00","og_image":[{"url":"https:\/\/zenitcapital.com\/wp-content\/uploads\/2024\/11\/maarten-van-den-heuvel-_pc8aMbI9Uplash.jpg","type":"","width":"","height":""}],"twitter_card":"summary_large_image","twitter_misc":{"Est. reading time":"2 minutos"},"schema":{"@context":"https:\/\/schema.org","@graph":[{"@type":"WebPage","@id":"https:\/\/zenitcapital.com\/investment-advisory\/","url":"https:\/\/zenitcapital.com\/investment-advisory\/","name":"Investment Advisory - ZENIT","isPartOf":{"@id":"https:\/\/zenitcapital.com\/#website"},"primaryImageOfPage":{"@id":"https:\/\/zenitcapital.com\/investment-advisory\/#primaryimage"},"image":{"@id":"https:\/\/zenitcapital.com\/investment-advisory\/#primaryimage"},"thumbnailUrl":"https:\/\/zenitcapital.com\/wp-content\/uploads\/2024\/11\/maarten-van-den-heuvel-_pc8aMbI9Uplash.jpg","datePublished":"2024-11-18T16:23:46+00:00","dateModified":"2025-07-30T12:34:44+00:00","breadcrumb":{"@id":"https:\/\/zenitcapital.com\/investment-advisory\/#breadcrumb"},"inLanguage":"es-DO","potentialAction":[{"@type":"ReadAction","target":["https:\/\/zenitcapital.com\/investment-advisory\/"]}]},{"@type":"ImageObject","inLanguage":"es-DO","@id":"https:\/\/zenitcapital.com\/investment-advisory\/#primaryimage","url":"https:\/\/zenitcapital.com\/wp-content\/uploads\/2024\/11\/maarten-van-den-heuvel-_pc8aMbI9Uplash.jpg","contentUrl":"https:\/\/zenitcapital.com\/wp-content\/uploads\/2024\/11\/maarten-van-den-heuvel-_pc8aMbI9Uplash.jpg"},{"@type":"BreadcrumbList","@id":"https:\/\/zenitcapital.com\/investment-advisory\/#breadcrumb","itemListElement":[{"@type":"ListItem","position":1,"name":"Home","item":"https:\/\/zenitcapital.com\/"},{"@type":"ListItem","position":2,"name":"Investment Advisory"}]},{"@type":"WebSite","@id":"https:\/\/zenitcapital.com\/#website","url":"https:\/\/zenitcapital.com\/","name":"ZENIT","description":"Zenit tu punto m&aacute;s alto","publisher":{"@id":"https:\/\/zenitcapital.com\/#organization"},"potentialAction":[{"@type":"SearchAction","target":{"@type":"EntryPoint","urlTemplate":"https:\/\/zenitcapital.com\/?s={search_term_string}"},"query-input":{"@type":"PropertyValueSpecification","valueRequired":true,"valueName":"search_term_string"}}],"inLanguage":"es-DO"},{"@type":"Organization","@id":"https:\/\/zenitcapital.com\/#organization","name":"ZENIT","url":"https:\/\/zenitcapital.com\/","logo":{"@type":"ImageObject","inLanguage":"es-DO","@id":"https:\/\/zenitcapital.com\/#\/schema\/logo\/image\/","url":"https:\/\/zenitcapital.com\/wp-content\/uploads\/2024\/11\/Asset-3@2x.webp","contentUrl":"https:\/\/zenitcapital.com\/wp-content\/uploads\/2024\/11\/Asset-3@2x.webp","width":406,"height":100,"caption":"ZENIT"},"image":{"@id":"https:\/\/zenitcapital.com\/#\/schema\/logo\/image\/"}}]}},"_links":{"self":[{"href":"https:\/\/zenitcapital.com\/es\/wp-json\/wp\/v2\/pages\/11017","targetHints":{"allow":["GET"]}}],"collection":[{"href":"https:\/\/zenitcapital.com\/es\/wp-json\/wp\/v2\/pages"}],"about":[{"href":"https:\/\/zenitcapital.com\/es\/wp-json\/wp\/v2\/types\/page"}],"author":[{"embeddable":true,"href":"https:\/\/zenitcapital.com\/es\/wp-json\/wp\/v2\/users\/1"}],"replies":[{"embeddable":true,"href":"https:\/\/zenitcapital.com\/es\/wp-json\/wp\/v2\/comments?post=11017"}],"version-history":[{"count":212,"href":"https:\/\/zenitcapital.com\/es\/wp-json\/wp\/v2\/pages\/11017\/revisions"}],"predecessor-version":[{"id":12959,"href":"https:\/\/zenitcapital.com\/es\/wp-json\/wp\/v2\/pages\/11017\/revisions\/12959"}],"wp:attachment":[{"href":"https:\/\/zenitcapital.com\/es\/wp-json\/wp\/v2\/media?parent=11017"}],"curies":[{"name":"wp","href":"https:\/\/api.w.org\/{rel}","templated":true}]}}