{"id":11078,"date":"2024-11-18T20:10:09","date_gmt":"2024-11-18T20:10:09","guid":{"rendered":"https:\/\/zenitcapital.com\/?page_id=11078"},"modified":"2025-06-06T19:30:20","modified_gmt":"2025-06-06T19:30:20","slug":"advisory-platform","status":"publish","type":"page","link":"https:\/\/zenitcapital.com\/es\/advisory-platform\/","title":{"rendered":"Plataforma de asesoramiento"},"content":{"rendered":"<div data-elementor-type=\"wp-page\" data-elementor-id=\"11078\" class=\"elementor elementor-11078\">\n\t\t\t\t\t\t<section class=\"elementor-section elementor-top-section elementor-element elementor-element-f1bf883 elementor-section-full_width qodef-elementor-content-grid elementor-section-height-default elementor-section-height-default\" data-id=\"f1bf883\" data-element_type=\"section\" data-e-type=\"section\" data-settings=\"{&quot;background_background&quot;:&quot;classic&quot;}\">\n\t\t\t\t\t\t\t<div class=\"elementor-background-overlay\"><\/div>\n\t\t\t\t\t\t\t<div class=\"elementor-container elementor-column-gap-default\">\n\t\t\t\t\t<div class=\"elementor-column elementor-col-100 elementor-top-column elementor-element elementor-element-32d7379\" data-id=\"32d7379\" data-element_type=\"column\" data-e-type=\"column\">\n\t\t\t<div class=\"elementor-widget-wrap elementor-element-populated\">\n\t\t\t\t\t\t<div class=\"elementor-element elementor-element-c49e5b8 elementor-widget elementor-widget-spacer\" data-id=\"c49e5b8\" data-element_type=\"widget\" data-e-type=\"widget\" data-widget_type=\"spacer.default\">\n\t\t\t\t<div class=\"elementor-widget-container\">\n\t\t\t\t\t\t\t<div class=\"elementor-spacer\">\n\t\t\t<div class=\"elementor-spacer-inner\"><\/div>\n\t\t<\/div>\n\t\t\t\t\t\t<\/div>\n\t\t\t\t<\/div>\n\t\t\t\t\t<\/div>\n\t\t<\/div>\n\t\t\t\t\t<\/div>\n\t\t<\/section>\n\t\t\t\t<section class=\"elementor-section elementor-top-section elementor-element elementor-element-c14f5f3 elementor-section-full_width qodef-elementor-content-grid elementor-section-height-default elementor-section-height-default\" data-id=\"c14f5f3\" data-element_type=\"section\" data-e-type=\"section\" id=\"platforms\">\n\t\t\t\t\t\t<div class=\"elementor-container elementor-column-gap-default\">\n\t\t\t\t\t<div class=\"elementor-column elementor-col-100 elementor-top-column elementor-element elementor-element-15a843f\" data-id=\"15a843f\" data-element_type=\"column\" data-e-type=\"column\">\n\t\t\t<div class=\"elementor-widget-wrap elementor-element-populated\">\n\t\t\t\t\t\t<div class=\"elementor-element elementor-element-9c440d0 elementor-widget elementor-widget-halstein_core_section_title\" data-id=\"9c440d0\" data-element_type=\"widget\" data-e-type=\"widget\" data-widget_type=\"halstein_core_section_title.default\">\n\t\t\t\t<div class=\"elementor-widget-container\">\n\t\t\t\t\t<div class=\"qodef-shortcode qodef-m product-subtitle qodef-section-title qodef-alignment--left\">\n\t\t<h5 class=\"qodef-m-tagline\" style=\"color: #AA6D4B\">\n\t\tPlataforma de asesoramiento\t<\/h5>\n\t\t<h2 class=\"qodef-m-title translation-block\" >Una plataforma hecha para<br>\nExcelencia Institucional,<br>\nImpulsado por un motor de trabajo implacable<\/h2>\n\t\t\t<p class=\"qodef-m-text-field\" >\n\t\tProporcionado a trav\u00e9s de socios confiables que garantizan el cumplimiento normativo, protegen sus activos y brindan una base segura para una gesti\u00f3n financiera eficiente.\t<\/p>\n\t<\/div>\n\t\t\t\t<\/div>\n\t\t\t\t<\/div>\n\t\t\t\t\t<\/div>\n\t\t<\/div>\n\t\t\t\t\t<\/div>\n\t\t<\/section>\n\t\t\t\t<section class=\"elementor-section elementor-top-section elementor-element elementor-element-dc092a1 elementor-section-boxed elementor-section-height-default elementor-section-height-default qodef-elementor-content-no\" data-id=\"dc092a1\" data-element_type=\"section\" data-e-type=\"section\">\n\t\t\t\t\t\t<div class=\"elementor-container elementor-column-gap-default\">\n\t\t\t\t\t<div class=\"elementor-column elementor-col-50 elementor-top-column elementor-element elementor-element-93b599d\" data-id=\"93b599d\" data-element_type=\"column\" data-e-type=\"column\" data-settings=\"{&quot;background_background&quot;:&quot;classic&quot;}\">\n\t\t\t<div class=\"elementor-widget-wrap elementor-element-populated\">\n\t\t\t\t\t\t<div class=\"elementor-element elementor-element-d9ce4b2 elementor-widget elementor-widget-halstein_core_single_image\" data-id=\"d9ce4b2\" data-element_type=\"widget\" data-e-type=\"widget\" data-widget_type=\"halstein_core_single_image.default\">\n\t\t\t\t<div class=\"elementor-widget-container\">\n\t\t\t\t\t<div class=\"qodef-shortcode qodef-m  qodef-single-image qodef-layout--default   qodef--has-appear qodef-direction--from-left\">\n\t<div class=\"qodef-m-image\">\n\t\t\t\t<img fetchpriority=\"high\" decoding=\"async\" width=\"1378\" height=\"1550\" src=\"https:\/\/zenitcapital.com\/wp-content\/uploads\/2025\/03\/pat-whelen-zyslInstitutional-Strength-e1743168694264.jpg\" class=\"attachment-full size-full\" alt=\"\" srcset=\"https:\/\/zenitcapital.com\/wp-content\/uploads\/2025\/03\/pat-whelen-zyslInstitutional-Strength-e1743168694264.jpg 1378w, https:\/\/zenitcapital.com\/wp-content\/uploads\/2025\/03\/pat-whelen-zyslInstitutional-Strength-e1743168694264-267x300.jpg 267w, https:\/\/zenitcapital.com\/wp-content\/uploads\/2025\/03\/pat-whelen-zyslInstitutional-Strength-e1743168694264-910x1024.jpg 910w, https:\/\/zenitcapital.com\/wp-content\/uploads\/2025\/03\/pat-whelen-zyslInstitutional-Strength-e1743168694264-768x864.jpg 768w, https:\/\/zenitcapital.com\/wp-content\/uploads\/2025\/03\/pat-whelen-zyslInstitutional-Strength-e1743168694264-1366x1536.jpg 1366w, https:\/\/zenitcapital.com\/wp-content\/uploads\/2025\/03\/pat-whelen-zyslInstitutional-Strength-e1743168694264-11x12.jpg 11w\" sizes=\"(max-width: 1378px) 100vw, 1378px\" \/>\t\t\t<\/div>\n<\/div>\n\t\t\t\t<\/div>\n\t\t\t\t<\/div>\n\t\t\t\t\t<\/div>\n\t\t<\/div>\n\t\t\t\t<div class=\"elementor-column elementor-col-50 elementor-top-column elementor-element elementor-element-b321dff\" data-id=\"b321dff\" data-element_type=\"column\" data-e-type=\"column\">\n\t\t\t<div class=\"elementor-widget-wrap elementor-element-populated\">\n\t\t\t\t\t<div class=\"elementor-background-overlay\"><\/div>\n\t\t\t\t\t\t<div class=\"elementor-element elementor-element-70d20c3 elementor-widget elementor-widget-halstein_core_section_title\" data-id=\"70d20c3\" data-element_type=\"widget\" data-e-type=\"widget\" data-widget_type=\"halstein_core_section_title.default\">\n\t\t\t\t<div class=\"elementor-widget-container\">\n\t\t\t\t\t<div class=\"qodef-shortcode qodef-m product-subtitle qodef-section-title qodef-alignment--left  qodef-text-field-break--disabled\">\n\t\t<h2 class=\"qodef-m-tagline\" style=\"margin-bottom: 4px;color: #221A0B\">\n\t\tMandatos de inversi\u00f3n\t<\/h2>\n\t\t<h3 class=\"qodef-m-title\" style=\"color: #221A0B;font-size: 24px\">\n\t\t\t\t\t<span class=\"qodef-highlight-text\" style=\"color: #B29063\">Ejecuci\u00f3n a Medida, Infraestructura Institucional\t\t\t<\/h3>\n\t\t\t<\/div>\n\t\t\t\t<\/div>\n\t\t\t\t<\/div>\n\t\t\t\t<div class=\"elementor-element elementor-element-ad413ed elementor-widget elementor-widget-text-editor\" data-id=\"ad413ed\" data-element_type=\"widget\" data-e-type=\"widget\" data-widget_type=\"text-editor.default\">\n\t\t\t\t<div class=\"elementor-widget-container\">\n\t\t\t\t\t\t\t\t\t<p>En Zenit, combinamos mandatos de inversi\u00f3n a medida con la solidez de instituciones l\u00edderes en el sector para garantizar una toma de decisiones rigurosa, una gesti\u00f3n optimizada del riesgo y una construcci\u00f3n de carteras basada en datos. Gracias a la ejecuci\u00f3n institucional de Jefferies Financial Group y a la avanzada tecnolog\u00eda de trading de Interactive Brokers, ofrecemos una infraestructura robusta que permite a nuestros clientes gestionar con confianza las complejidades del patrimonio y las inversiones.<\/p>\t\t\t\t\t\t\t\t<\/div>\n\t\t\t\t<\/div>\n\t\t\t\t\t<\/div>\n\t\t<\/div>\n\t\t\t\t\t<\/div>\n\t\t<\/section>\n\t\t\t\t<section class=\"elementor-section elementor-top-section elementor-element elementor-element-0b5390a elementor-section-boxed elementor-section-height-default elementor-section-height-default qodef-elementor-content-no\" data-id=\"0b5390a\" data-element_type=\"section\" data-e-type=\"section\">\n\t\t\t\t\t\t<div class=\"elementor-container elementor-column-gap-default\">\n\t\t\t\t\t<div class=\"elementor-column elementor-col-50 elementor-top-column elementor-element elementor-element-f61487f\" data-id=\"f61487f\" data-element_type=\"column\" data-e-type=\"column\">\n\t\t\t<div class=\"elementor-widget-wrap elementor-element-populated\">\n\t\t\t\t\t<div class=\"elementor-background-overlay\"><\/div>\n\t\t\t\t\t\t<div class=\"elementor-element elementor-element-9f3c70f elementor-widget elementor-widget-halstein_core_section_title\" data-id=\"9f3c70f\" data-element_type=\"widget\" data-e-type=\"widget\" data-widget_type=\"halstein_core_section_title.default\">\n\t\t\t\t<div class=\"elementor-widget-container\">\n\t\t\t\t\t<div class=\"qodef-shortcode qodef-m product-subtitle qodef-section-title qodef-alignment--left  qodef-text-field-break--disabled\">\n\t\t<h2 class=\"qodef-m-tagline\" style=\"margin-bottom: 4px;color: #221A0B\">\n\t\tEstrategias de Portafolio\t<\/h2>\n\t\t<h3 class=\"qodef-m-title\" style=\"color: #221A0B;font-size: 24px\">\n\t\t\t\t\t<span class=\"qodef-highlight-text\" style=\"color: #B29063\">Gesti\u00f3n de Fondos, Solidez Institucional\t\t\t<\/h3>\n\t\t\t<\/div>\n\t\t\t\t<\/div>\n\t\t\t\t<\/div>\n\t\t\t\t<div class=\"elementor-element elementor-element-95a437f elementor-widget elementor-widget-text-editor\" data-id=\"95a437f\" data-element_type=\"widget\" data-e-type=\"widget\" data-widget_type=\"text-editor.default\">\n\t\t\t\t<div class=\"elementor-widget-container\">\n\t\t\t\t\t\t\t\t\t<p>Zenit, como asesor de inversiones de confianza, ofrece acceso a una amplia gama de fondos de inversi\u00f3n adaptados a diferentes objetivos y perfiles de riesgo. Con el respaldo de la experiencia global de Apex Group en administraci\u00f3n de fondos, servicios fiduciarios y tecnolog\u00eda financiera, garantizamos una ejecuci\u00f3n fluida, eficiencia operativa y una supervisi\u00f3n de nivel institucional, brindando a los inversores la confianza necesaria para afrontar las cambiantes oportunidades del mercado.<\/p>\t\t\t\t\t\t\t\t<\/div>\n\t\t\t\t<\/div>\n\t\t\t\t\t<\/div>\n\t\t<\/div>\n\t\t\t\t<div class=\"elementor-column elementor-col-50 elementor-top-column elementor-element elementor-element-1b7352e\" data-id=\"1b7352e\" data-element_type=\"column\" data-e-type=\"column\" data-settings=\"{&quot;background_background&quot;:&quot;classic&quot;}\">\n\t\t\t<div class=\"elementor-widget-wrap elementor-element-populated\">\n\t\t\t\t\t\t<div class=\"elementor-element elementor-element-15fb420 elementor-widget elementor-widget-halstein_core_single_image\" data-id=\"15fb420\" data-element_type=\"widget\" data-e-type=\"widget\" data-widget_type=\"halstein_core_single_image.default\">\n\t\t\t\t<div class=\"elementor-widget-container\">\n\t\t\t\t\t<div class=\"qodef-shortcode qodef-m  qodef-single-image qodef-layout--default   qodef--has-appear qodef-direction--from-right\">\n\t<div class=\"qodef-m-image\">\n\t\t\t\t<img decoding=\"async\" width=\"1378\" height=\"1550\" src=\"https:\/\/zenitcapital.com\/wp-content\/uploads\/2025\/03\/pat-whelen-zyslrTailored-Execution-e1743168650487.jpg\" class=\"attachment-full size-full\" alt=\"\" srcset=\"https:\/\/zenitcapital.com\/wp-content\/uploads\/2025\/03\/pat-whelen-zyslrTailored-Execution-e1743168650487.jpg 1378w, https:\/\/zenitcapital.com\/wp-content\/uploads\/2025\/03\/pat-whelen-zyslrTailored-Execution-e1743168650487-267x300.jpg 267w, https:\/\/zenitcapital.com\/wp-content\/uploads\/2025\/03\/pat-whelen-zyslrTailored-Execution-e1743168650487-910x1024.jpg 910w, https:\/\/zenitcapital.com\/wp-content\/uploads\/2025\/03\/pat-whelen-zyslrTailored-Execution-e1743168650487-768x864.jpg 768w, https:\/\/zenitcapital.com\/wp-content\/uploads\/2025\/03\/pat-whelen-zyslrTailored-Execution-e1743168650487-1366x1536.jpg 1366w, https:\/\/zenitcapital.com\/wp-content\/uploads\/2025\/03\/pat-whelen-zyslrTailored-Execution-e1743168650487-11x12.jpg 11w\" sizes=\"(max-width: 1378px) 100vw, 1378px\" \/>\t\t\t<\/div>\n<\/div>\n\t\t\t\t<\/div>\n\t\t\t\t<\/div>\n\t\t\t\t\t<\/div>\n\t\t<\/div>\n\t\t\t\t\t<\/div>\n\t\t<\/section>\n\t\t\t\t<section class=\"elementor-section elementor-top-section elementor-element elementor-element-fa0d19c elementor-section-full_width qodef-elementor-content-grid elementor-section-height-min-height elementor-section-height-default elementor-section-items-middle\" data-id=\"fa0d19c\" data-element_type=\"section\" data-e-type=\"section\" id=\"regulatory-disclosures\" data-settings=\"{&quot;background_background&quot;:&quot;classic&quot;}\">\n\t\t\t\t\t\t<div class=\"elementor-container elementor-column-gap-default\">\n\t\t\t\t\t<div class=\"elementor-column elementor-col-100 elementor-top-column elementor-element elementor-element-d1cbda5\" data-id=\"d1cbda5\" data-element_type=\"column\" data-e-type=\"column\">\n\t\t\t<div class=\"elementor-widget-wrap elementor-element-populated\">\n\t\t\t\t\t\t<div class=\"elementor-element elementor-element-a192891 elementor-widget elementor-widget-halstein_core_section_title\" data-id=\"a192891\" data-element_type=\"widget\" data-e-type=\"widget\" data-widget_type=\"halstein_core_section_title.default\">\n\t\t\t\t<div class=\"elementor-widget-container\">\n\t\t\t\t\t<div class=\"qodef-shortcode qodef-m  qodef-section-title qodef-alignment--center\">\n\t\t\t<h3 class=\"qodef-m-title\" style=\"color: #FFFFFF;font-size: 40px\">\n\t\t\t\t\tImpulsada por aliados estrat\u00e9gicos que garantizan cumplimiento normativo, custodia profesional de activos y una estructura eficiente para la gesti\u00f3n financiera\t\t\t<\/h3>\n\t\t\t<\/div>\n\t\t\t\t<\/div>\n\t\t\t\t<\/div>\n\t\t\t\t<div class=\"elementor-element elementor-element-1d106d2 elementor-widget__width-auto elementor-widget elementor-widget-halstein_core_button\" data-id=\"1d106d2\" data-element_type=\"widget\" data-e-type=\"widget\" data-widget_type=\"halstein_core_button.default\">\n\t\t\t\t<div class=\"elementor-widget-container\">\n\t\t\t\t\t<a class=\"qodef-shortcode qodef-m  qodef-button qodef-layout--filled-one  qodef-html--link\" href=\"\/es\/zenit\/get-in-touch\/\" target=\"_self\"  style=\"background-color: #D5C899\">\n\t<span class=\"qodef-m-text\">Cont\u00e1ctenos<\/span>\n<\/a>\n\t\t\t\t<\/div>\n\t\t\t\t<\/div>\n\t\t\t\t\t<\/div>\n\t\t<\/div>\n\t\t\t\t\t<\/div>\n\t\t<\/section>\n\t\t\t\t<\/div>","protected":false},"excerpt":{"rendered":"<p>Advisory Platform A Platform Built for Institutional Excellence, Powered by a Relentless Working Engine Delivered through trusted partners who ensure regulatory compliance, protect your assets, and provide a secure foundation for efficient financial management. Investment Mandates Tailored Execution, Institutional Infrastructure At Zenit, we combine tailored investment mandates with the strength of industry-leading institutions to ensure [&hellip;]<\/p>\n","protected":false},"author":1,"featured_media":0,"parent":0,"menu_order":0,"comment_status":"closed","ping_status":"closed","template":"page-full-width.php","meta":{"footnotes":""},"class_list":["post-11078","page","type-page","status-publish","hentry"],"yoast_head":"<!-- This site is optimized with the Yoast SEO plugin v26.8 - https:\/\/yoast.com\/product\/yoast-seo-wordpress\/ -->\n<title>Advisory Platform - ZENIT<\/title>\n<meta name=\"robots\" content=\"index, follow, max-snippet:-1, max-image-preview:large, max-video-preview:-1\" \/>\n<link rel=\"canonical\" href=\"https:\/\/zenitcapital.com\/es\/advisory-platform\/\" \/>\n<meta property=\"og:locale\" content=\"es_ES\" \/>\n<meta property=\"og:type\" content=\"article\" \/>\n<meta property=\"og:title\" content=\"Advisory Platform - ZENIT\" \/>\n<meta property=\"og:description\" content=\"Advisory Platform A Platform Built for Institutional Excellence, Powered by a Relentless Working Engine Delivered through trusted partners who ensure regulatory compliance, protect your assets, and provide a secure foundation for efficient financial management. Investment Mandates Tailored Execution, Institutional Infrastructure At Zenit, we combine tailored investment mandates with the strength of industry-leading institutions to ensure [&hellip;]\" \/>\n<meta property=\"og:url\" content=\"https:\/\/zenitcapital.com\/es\/advisory-platform\/\" \/>\n<meta property=\"og:site_name\" content=\"ZENIT\" \/>\n<meta property=\"article:modified_time\" content=\"2025-06-06T19:30:20+00:00\" \/>\n<meta property=\"og:image\" content=\"https:\/\/zenitcapital.com\/wp-content\/uploads\/2025\/03\/pat-whelen-zyslInstitutional-Strength-e1743168694264.jpg\" \/>\n<meta name=\"twitter:card\" content=\"summary_large_image\" \/>\n<meta name=\"twitter:label1\" content=\"Est. reading time\" \/>\n\t<meta name=\"twitter:data1\" content=\"2 minutos\" \/>\n<script type=\"application\/ld+json\" class=\"yoast-schema-graph\">{\"@context\":\"https:\/\/schema.org\",\"@graph\":[{\"@type\":\"WebPage\",\"@id\":\"https:\/\/zenitcapital.com\/advisory-platform\/\",\"url\":\"https:\/\/zenitcapital.com\/advisory-platform\/\",\"name\":\"Advisory Platform - ZENIT\",\"isPartOf\":{\"@id\":\"https:\/\/zenitcapital.com\/#website\"},\"primaryImageOfPage\":{\"@id\":\"https:\/\/zenitcapital.com\/advisory-platform\/#primaryimage\"},\"image\":{\"@id\":\"https:\/\/zenitcapital.com\/advisory-platform\/#primaryimage\"},\"thumbnailUrl\":\"https:\/\/zenitcapital.com\/wp-content\/uploads\/2025\/03\/pat-whelen-zyslInstitutional-Strength-e1743168694264.jpg\",\"datePublished\":\"2024-11-18T20:10:09+00:00\",\"dateModified\":\"2025-06-06T19:30:20+00:00\",\"breadcrumb\":{\"@id\":\"https:\/\/zenitcapital.com\/advisory-platform\/#breadcrumb\"},\"inLanguage\":\"es-DO\",\"potentialAction\":[{\"@type\":\"ReadAction\",\"target\":[\"https:\/\/zenitcapital.com\/advisory-platform\/\"]}]},{\"@type\":\"ImageObject\",\"inLanguage\":\"es-DO\",\"@id\":\"https:\/\/zenitcapital.com\/advisory-platform\/#primaryimage\",\"url\":\"https:\/\/zenitcapital.com\/wp-content\/uploads\/2025\/03\/pat-whelen-zyslInstitutional-Strength-e1743168694264.jpg\",\"contentUrl\":\"https:\/\/zenitcapital.com\/wp-content\/uploads\/2025\/03\/pat-whelen-zyslInstitutional-Strength-e1743168694264.jpg\"},{\"@type\":\"BreadcrumbList\",\"@id\":\"https:\/\/zenitcapital.com\/advisory-platform\/#breadcrumb\",\"itemListElement\":[{\"@type\":\"ListItem\",\"position\":1,\"name\":\"Home\",\"item\":\"https:\/\/zenitcapital.com\/\"},{\"@type\":\"ListItem\",\"position\":2,\"name\":\"Advisory Platform\"}]},{\"@type\":\"WebSite\",\"@id\":\"https:\/\/zenitcapital.com\/#website\",\"url\":\"https:\/\/zenitcapital.com\/\",\"name\":\"ZENIT\",\"description\":\"Zenit tu punto m&aacute;s alto\",\"publisher\":{\"@id\":\"https:\/\/zenitcapital.com\/#organization\"},\"potentialAction\":[{\"@type\":\"SearchAction\",\"target\":{\"@type\":\"EntryPoint\",\"urlTemplate\":\"https:\/\/zenitcapital.com\/?s={search_term_string}\"},\"query-input\":{\"@type\":\"PropertyValueSpecification\",\"valueRequired\":true,\"valueName\":\"search_term_string\"}}],\"inLanguage\":\"es-DO\"},{\"@type\":\"Organization\",\"@id\":\"https:\/\/zenitcapital.com\/#organization\",\"name\":\"ZENIT\",\"url\":\"https:\/\/zenitcapital.com\/\",\"logo\":{\"@type\":\"ImageObject\",\"inLanguage\":\"es-DO\",\"@id\":\"https:\/\/zenitcapital.com\/#\/schema\/logo\/image\/\",\"url\":\"https:\/\/zenitcapital.com\/wp-content\/uploads\/2024\/11\/Asset-3@2x.webp\",\"contentUrl\":\"https:\/\/zenitcapital.com\/wp-content\/uploads\/2024\/11\/Asset-3@2x.webp\",\"width\":406,\"height\":100,\"caption\":\"ZENIT\"},\"image\":{\"@id\":\"https:\/\/zenitcapital.com\/#\/schema\/logo\/image\/\"}}]}<\/script>\n<!-- \/ Yoast SEO plugin. -->","yoast_head_json":{"title":"Advisory Platform - ZENIT","robots":{"index":"index","follow":"follow","max-snippet":"max-snippet:-1","max-image-preview":"max-image-preview:large","max-video-preview":"max-video-preview:-1"},"canonical":"https:\/\/zenitcapital.com\/es\/advisory-platform\/","og_locale":"es_ES","og_type":"article","og_title":"Advisory Platform - ZENIT","og_description":"Advisory Platform A Platform Built for Institutional Excellence, Powered by a Relentless Working Engine Delivered through trusted partners who ensure regulatory compliance, protect your assets, and provide a secure foundation for efficient financial management. Investment Mandates Tailored Execution, Institutional Infrastructure At Zenit, we combine tailored investment mandates with the strength of industry-leading institutions to ensure [&hellip;]","og_url":"https:\/\/zenitcapital.com\/es\/advisory-platform\/","og_site_name":"ZENIT","article_modified_time":"2025-06-06T19:30:20+00:00","og_image":[{"url":"https:\/\/zenitcapital.com\/wp-content\/uploads\/2025\/03\/pat-whelen-zyslInstitutional-Strength-e1743168694264.jpg","type":"","width":"","height":""}],"twitter_card":"summary_large_image","twitter_misc":{"Est. reading time":"2 minutos"},"schema":{"@context":"https:\/\/schema.org","@graph":[{"@type":"WebPage","@id":"https:\/\/zenitcapital.com\/advisory-platform\/","url":"https:\/\/zenitcapital.com\/advisory-platform\/","name":"Advisory Platform - ZENIT","isPartOf":{"@id":"https:\/\/zenitcapital.com\/#website"},"primaryImageOfPage":{"@id":"https:\/\/zenitcapital.com\/advisory-platform\/#primaryimage"},"image":{"@id":"https:\/\/zenitcapital.com\/advisory-platform\/#primaryimage"},"thumbnailUrl":"https:\/\/zenitcapital.com\/wp-content\/uploads\/2025\/03\/pat-whelen-zyslInstitutional-Strength-e1743168694264.jpg","datePublished":"2024-11-18T20:10:09+00:00","dateModified":"2025-06-06T19:30:20+00:00","breadcrumb":{"@id":"https:\/\/zenitcapital.com\/advisory-platform\/#breadcrumb"},"inLanguage":"es-DO","potentialAction":[{"@type":"ReadAction","target":["https:\/\/zenitcapital.com\/advisory-platform\/"]}]},{"@type":"ImageObject","inLanguage":"es-DO","@id":"https:\/\/zenitcapital.com\/advisory-platform\/#primaryimage","url":"https:\/\/zenitcapital.com\/wp-content\/uploads\/2025\/03\/pat-whelen-zyslInstitutional-Strength-e1743168694264.jpg","contentUrl":"https:\/\/zenitcapital.com\/wp-content\/uploads\/2025\/03\/pat-whelen-zyslInstitutional-Strength-e1743168694264.jpg"},{"@type":"BreadcrumbList","@id":"https:\/\/zenitcapital.com\/advisory-platform\/#breadcrumb","itemListElement":[{"@type":"ListItem","position":1,"name":"Home","item":"https:\/\/zenitcapital.com\/"},{"@type":"ListItem","position":2,"name":"Advisory Platform"}]},{"@type":"WebSite","@id":"https:\/\/zenitcapital.com\/#website","url":"https:\/\/zenitcapital.com\/","name":"ZENIT","description":"Zenit tu punto m&aacute;s alto","publisher":{"@id":"https:\/\/zenitcapital.com\/#organization"},"potentialAction":[{"@type":"SearchAction","target":{"@type":"EntryPoint","urlTemplate":"https:\/\/zenitcapital.com\/?s={search_term_string}"},"query-input":{"@type":"PropertyValueSpecification","valueRequired":true,"valueName":"search_term_string"}}],"inLanguage":"es-DO"},{"@type":"Organization","@id":"https:\/\/zenitcapital.com\/#organization","name":"ZENIT","url":"https:\/\/zenitcapital.com\/","logo":{"@type":"ImageObject","inLanguage":"es-DO","@id":"https:\/\/zenitcapital.com\/#\/schema\/logo\/image\/","url":"https:\/\/zenitcapital.com\/wp-content\/uploads\/2024\/11\/Asset-3@2x.webp","contentUrl":"https:\/\/zenitcapital.com\/wp-content\/uploads\/2024\/11\/Asset-3@2x.webp","width":406,"height":100,"caption":"ZENIT"},"image":{"@id":"https:\/\/zenitcapital.com\/#\/schema\/logo\/image\/"}}]}},"_links":{"self":[{"href":"https:\/\/zenitcapital.com\/es\/wp-json\/wp\/v2\/pages\/11078","targetHints":{"allow":["GET"]}}],"collection":[{"href":"https:\/\/zenitcapital.com\/es\/wp-json\/wp\/v2\/pages"}],"about":[{"href":"https:\/\/zenitcapital.com\/es\/wp-json\/wp\/v2\/types\/page"}],"author":[{"embeddable":true,"href":"https:\/\/zenitcapital.com\/es\/wp-json\/wp\/v2\/users\/1"}],"replies":[{"embeddable":true,"href":"https:\/\/zenitcapital.com\/es\/wp-json\/wp\/v2\/comments?post=11078"}],"version-history":[{"count":288,"href":"https:\/\/zenitcapital.com\/es\/wp-json\/wp\/v2\/pages\/11078\/revisions"}],"predecessor-version":[{"id":12914,"href":"https:\/\/zenitcapital.com\/es\/wp-json\/wp\/v2\/pages\/11078\/revisions\/12914"}],"wp:attachment":[{"href":"https:\/\/zenitcapital.com\/es\/wp-json\/wp\/v2\/media?parent=11078"}],"curies":[{"name":"wp","href":"https:\/\/api.w.org\/{rel}","templated":true}]}}