{"id":1196,"date":"2021-10-07T10:17:13","date_gmt":"2021-10-07T10:17:13","guid":{"rendered":"https:\/\/halstein.qodeinteractive.com\/?page_id=1196"},"modified":"2025-05-19T13:14:12","modified_gmt":"2025-05-19T13:14:12","slug":"wealth-advisory","status":"publish","type":"page","link":"https:\/\/zenitcapital.com\/es\/wealth-advisory\/","title":{"rendered":"Asesoramiento Patrimonial"},"content":{"rendered":"<div data-elementor-type=\"wp-page\" data-elementor-id=\"1196\" class=\"elementor elementor-1196\">\n\t\t\t\t\t\t<section class=\"elementor-section elementor-top-section elementor-element elementor-element-81029a5 elementor-section-height-min-height elementor-hidden-desktop elementor-hidden-tablet elementor-hidden-mobile elementor-hidden-laptop elementor-section-boxed elementor-section-height-default elementor-section-items-middle qodef-elementor-content-no\" data-id=\"81029a5\" data-element_type=\"section\" data-e-type=\"section\" data-settings=\"{&quot;background_background&quot;:&quot;classic&quot;}\">\n\t\t\t\t\t\t\t<div class=\"elementor-background-overlay\"><\/div>\n\t\t\t\t\t\t\t<div class=\"elementor-container elementor-column-gap-default\">\n\t\t\t\t\t<div class=\"elementor-column elementor-col-100 elementor-top-column elementor-element elementor-element-2de5b7a\" data-id=\"2de5b7a\" data-element_type=\"column\" data-e-type=\"column\" data-settings=\"{&quot;background_background&quot;:&quot;classic&quot;}\">\n\t\t\t<div class=\"elementor-widget-wrap elementor-element-populated\">\n\t\t\t\t\t\t<div class=\"elementor-element elementor-element-cc9f2ce elementor-widget elementor-widget-halstein_core_section_title\" data-id=\"cc9f2ce\" data-element_type=\"widget\" data-e-type=\"widget\" data-widget_type=\"halstein_core_section_title.default\">\n\t\t\t\t<div class=\"elementor-widget-container\">\n\t\t\t\t\t<div class=\"qodef-shortcode qodef-m product-subtitle qodef-section-title qodef-alignment--left\">\n\t\t<h5 class=\"qodef-m-tagline\" style=\"color: #D5C899\">\n\t\tAcerca de \t<\/h5>\n\t\t<h2 class=\"qodef-m-title\" style=\"color: #FFFFFF\">\n\t\t\t\t\tZenit Asesoramiento Patrimonial\t\t\t<\/h2>\n\t\t\t<\/div>\n\t\t\t\t<\/div>\n\t\t\t\t<\/div>\n\t\t\t\t<div class=\"elementor-element elementor-element-7a7c7a6 elementor-widget elementor-widget-text-editor\" data-id=\"7a7c7a6\" data-element_type=\"widget\" data-e-type=\"widget\" data-widget_type=\"text-editor.default\">\n\t\t\t\t<div class=\"elementor-widget-container\">\n\t\t\t\t\t\t\t\t\t<p>Bienvenido a Zenit Gesti\u00f3n Patrimonial, donde la experiencia financiera se encuentra con soluciones patrimoniales personalizadas. <br \/>En Zenit, creemos en la <em><strong><b>gesti\u00f3n personalizada de patrimonio, mediante el dise\u00f1o de estrategias que trascienden los enfoques convencionales.<\/b><\/strong><\/em> Nuestro compromiso es guiarlo a trav\u00e9s de un <em><strong><b>viaje fluido hacia la prosperidad financiera<\/b><\/strong><\/em>, enfatizando un legado de \u00e9xito duradero.<\/p>\t\t\t\t\t\t\t\t<\/div>\n\t\t\t\t<\/div>\n\t\t\t\t\t<\/div>\n\t\t<\/div>\n\t\t\t\t\t<\/div>\n\t\t<\/section>\n\t\t\t\t<section class=\"elementor-section elementor-top-section elementor-element elementor-element-2143a01 elementor-section-full_width elementor-section-height-default elementor-section-height-default qodef-elementor-content-no\" data-id=\"2143a01\" data-element_type=\"section\" data-e-type=\"section\">\n\t\t\t\t\t\t<div class=\"elementor-container elementor-column-gap-default\">\n\t\t\t\t\t<div class=\"elementor-column elementor-col-50 elementor-top-column elementor-element elementor-element-50c9264\" data-id=\"50c9264\" data-element_type=\"column\" data-e-type=\"column\" data-settings=\"{&quot;background_background&quot;:&quot;classic&quot;}\">\n\t\t\t<div class=\"elementor-widget-wrap elementor-element-populated\">\n\t\t\t\t\t\t<div class=\"elementor-element elementor-element-ebd5e33 elementor-widget elementor-widget-halstein_core_single_image\" data-id=\"ebd5e33\" data-element_type=\"widget\" data-e-type=\"widget\" data-widget_type=\"halstein_core_single_image.default\">\n\t\t\t\t<div class=\"elementor-widget-container\">\n\t\t\t\t\t<div class=\"qodef-shortcode qodef-m  qodef-single-image qodef-layout--default   qodef--has-appear qodef-direction--from-left qodef--fullheight\">\n\t<div class=\"qodef-m-image\">\n\t\t\t\t<img fetchpriority=\"high\" decoding=\"async\" width=\"1300\" height=\"1300\" src=\"https:\/\/zenitcapital.com\/wp-content\/uploads\/2021\/10\/klaus-kreuer-qE6BF2CA0I0square.jpg\" class=\"attachment-full size-full\" alt=\"\" srcset=\"https:\/\/zenitcapital.com\/wp-content\/uploads\/2021\/10\/klaus-kreuer-qE6BF2CA0I0square.jpg 1300w, https:\/\/zenitcapital.com\/wp-content\/uploads\/2021\/10\/klaus-kreuer-qE6BF2CA0I0square-300x300.jpg 300w, https:\/\/zenitcapital.com\/wp-content\/uploads\/2021\/10\/klaus-kreuer-qE6BF2CA0I0square-1024x1024.jpg 1024w, https:\/\/zenitcapital.com\/wp-content\/uploads\/2021\/10\/klaus-kreuer-qE6BF2CA0I0square-150x150.jpg 150w, https:\/\/zenitcapital.com\/wp-content\/uploads\/2021\/10\/klaus-kreuer-qE6BF2CA0I0square-768x768.jpg 768w, https:\/\/zenitcapital.com\/wp-content\/uploads\/2021\/10\/klaus-kreuer-qE6BF2CA0I0square-650x650.jpg 650w\" sizes=\"(max-width: 1300px) 100vw, 1300px\" \/>\t\t\t<\/div>\n<\/div>\n\t\t\t\t<\/div>\n\t\t\t\t<\/div>\n\t\t\t\t\t<\/div>\n\t\t<\/div>\n\t\t\t\t<div class=\"elementor-column elementor-col-50 elementor-top-column elementor-element elementor-element-c4645cf\" data-id=\"c4645cf\" data-element_type=\"column\" data-e-type=\"column\" data-settings=\"{&quot;background_background&quot;:&quot;classic&quot;}\">\n\t\t\t<div class=\"elementor-widget-wrap elementor-element-populated\">\n\t\t\t\t\t<div class=\"elementor-background-overlay\"><\/div>\n\t\t\t\t\t\t<div class=\"elementor-element elementor-element-422332d elementor-widget elementor-widget-halstein_core_section_title\" data-id=\"422332d\" data-element_type=\"widget\" data-e-type=\"widget\" data-widget_type=\"halstein_core_section_title.default\">\n\t\t\t\t<div class=\"elementor-widget-container\">\n\t\t\t\t\t<div class=\"qodef-shortcode qodef-m product-subtitle qodef-section-title qodef-alignment--left\">\n\t\t<h5 class=\"qodef-m-tagline\" style=\"color: #D5C899\">\n\t\tAcerca de \t<\/h5>\n\t\t<h2 class=\"qodef-m-title\" style=\"color: #FFFFFF\">\n\t\t\t\t\tZenit<br> Asesoramiento Patrimonial\t\t\t<\/h2>\n\t\t<h5 class=\"qodef-m-subtitle\" style=\"margin-top: 7px;color: #D5C899\">\n\t\tDescubriendo Precisi\u00f3n en Patrimonios\t<\/h5>\n\t\t<\/div>\n\t\t\t\t<\/div>\n\t\t\t\t<\/div>\n\t\t\t\t<div class=\"elementor-element elementor-element-74aeef3 elementor-widget elementor-widget-text-editor\" data-id=\"74aeef3\" data-element_type=\"widget\" data-e-type=\"widget\" data-widget_type=\"text-editor.default\">\n\t\t\t\t<div class=\"elementor-widget-container\">\n\t\t\t\t\t\t\t\t\t<p>Bienvenido a Zenit Gesti\u00f3n Patrimonial, donde la experiencia financiera se encuentra con soluciones patrimoniales personalizadas. <br \/>En Zenit, creemos en la <em><strong><b>gesti\u00f3n personalizada de patrimonio, mediante el dise\u00f1o de estrategias que trascienden los enfoques convencionales.<\/b><\/strong><\/em> Nuestro compromiso es guiarlo a trav\u00e9s de un <em><strong><b>viaje fluido hacia la prosperidad financiera<\/b><\/strong><\/em>, enfatizando un legado de \u00e9xito duradero.<\/p>\t\t\t\t\t\t\t\t<\/div>\n\t\t\t\t<\/div>\n\t\t\t\t\t<\/div>\n\t\t<\/div>\n\t\t\t\t\t<\/div>\n\t\t<\/section>\n\t\t\t\t<section class=\"elementor-section elementor-top-section elementor-element elementor-element-c48b8d7 elementor-section-full_width qodef-elementor-content-grid elementor-section-height-default elementor-section-height-default\" data-id=\"c48b8d7\" data-element_type=\"section\" data-e-type=\"section\" id=\"zenit-experience\" data-settings=\"{&quot;background_background&quot;:&quot;gradient&quot;}\">\n\t\t\t\t\t\t\t<div class=\"elementor-background-overlay\"><\/div>\n\t\t\t\t\t\t\t<div class=\"elementor-container elementor-column-gap-default\">\n\t\t\t\t\t<div class=\"elementor-column elementor-col-100 elementor-top-column elementor-element elementor-element-8507e41\" data-id=\"8507e41\" data-element_type=\"column\" data-e-type=\"column\">\n\t\t\t<div class=\"elementor-widget-wrap elementor-element-populated\">\n\t\t\t\t\t\t<div class=\"elementor-element elementor-element-d6f3b0f elementor-widget elementor-widget-halstein_core_section_title\" data-id=\"d6f3b0f\" data-element_type=\"widget\" data-e-type=\"widget\" data-widget_type=\"halstein_core_section_title.default\">\n\t\t\t\t<div class=\"elementor-widget-container\">\n\t\t\t\t\t<div class=\"qodef-shortcode qodef-m product-subtitle qodef-section-title qodef-alignment--left\">\n\t\t<h5 class=\"qodef-m-tagline\" style=\"color: #AA6D4B\">\n\t\tExperiencia Zenit\t<\/h5>\n\t\t<h2 class=\"qodef-m-title\" >\n\t\t\t\t\tM\u00e1s All\u00e1 de la Gesti\u00f3n Patrimonial,<\/span> <span class=\"qodef-highlight-text\" style=\"color: #305046\">M\u00e1s All\u00e1 de las Expectativas\t\t\t<\/h2>\n\t\t\t<\/div>\n\t\t\t\t<\/div>\n\t\t\t\t<\/div>\n\t\t\t\t<div class=\"elementor-element elementor-element-7789178 elementor-widget__width-initial elementor-widget elementor-widget-text-editor\" data-id=\"7789178\" data-element_type=\"widget\" data-e-type=\"widget\" data-widget_type=\"text-editor.default\">\n\t\t\t\t<div class=\"elementor-widget-container\">\n\t\t\t\t\t\t\t\t\t<p>Descubre la Experiencia Zenit - una fusi\u00f3n armoniosa de <em><strong><b>expertise financiero, dedicaci\u00f3n y servicio personalizado.<\/b><\/strong><\/em> Desde el primer contacto con nosotros, se dar\u00e1 cuenta que <em><strong><b>nuestro compromiso financiero va m\u00e1s all\u00e1 de los n\u00fameros.<\/b><\/strong><\/em> Experimente un viaje en el que cada detalle se elabora meticulosamente y cada hito se celebra.<\/p>\t\t\t\t\t\t\t\t<\/div>\n\t\t\t\t<\/div>\n\t\t\t\t\t<\/div>\n\t\t<\/div>\n\t\t\t\t\t<\/div>\n\t\t<\/section>\n\t\t\t\t<section class=\"elementor-section elementor-top-section elementor-element elementor-element-09a11db elementor-section-full_width qodef-elementor-content-grid elementor-section-content-middle elementor-section-height-default elementor-section-height-default\" data-id=\"09a11db\" data-element_type=\"section\" data-e-type=\"section\" id=\"strategic-insights\" data-settings=\"{&quot;background_background&quot;:&quot;classic&quot;}\">\n\t\t\t\t\t\t\t<div class=\"elementor-background-overlay\"><\/div>\n\t\t\t\t\t\t\t<div class=\"elementor-container elementor-column-gap-default\">\n\t\t\t\t\t<div class=\"elementor-column elementor-col-50 elementor-top-column elementor-element elementor-element-9fec40c\" data-id=\"9fec40c\" data-element_type=\"column\" data-e-type=\"column\">\n\t\t\t<div class=\"elementor-widget-wrap elementor-element-populated\">\n\t\t\t\t\t\t<div class=\"elementor-element elementor-element-e7d4dee elementor-widget elementor-widget-halstein_core_section_title\" data-id=\"e7d4dee\" data-element_type=\"widget\" data-e-type=\"widget\" data-widget_type=\"halstein_core_section_title.default\">\n\t\t\t\t<div class=\"elementor-widget-container\">\n\t\t\t\t\t<div class=\"qodef-shortcode qodef-m product-subtitle qodef-section-title qodef-alignment--left\">\n\t\t<h5 class=\"qodef-m-tagline\" style=\"color: #D5C899\">\n\t\tIdeas Estrat\u00e9gicas\t<\/h5>\n\t\t<h3 class=\"qodef-m-title\" style=\"color: #FFFFFF\">\n\t\t\t\t\tNavegando el Paisaje<br> Financiero con Precisi\u00f3n\t\t\t<\/h3>\n\t\t\t<\/div>\n\t\t\t\t<\/div>\n\t\t\t\t<\/div>\n\t\t\t\t\t<\/div>\n\t\t<\/div>\n\t\t\t\t<div class=\"elementor-column elementor-col-50 elementor-top-column elementor-element elementor-element-4249e8d\" data-id=\"4249e8d\" data-element_type=\"column\" data-e-type=\"column\">\n\t\t\t<div class=\"elementor-widget-wrap elementor-element-populated\">\n\t\t\t\t\t\t<div class=\"elementor-element elementor-element-3c17f68 elementor-widget elementor-widget-text-editor\" data-id=\"3c17f68\" data-element_type=\"widget\" data-e-type=\"widget\" data-widget_type=\"text-editor.default\">\n\t\t\t\t<div class=\"elementor-widget-container\">\n\t\t\t\t\t\t\t\t\t<p>En el mundo en constante evoluci\u00f3n de las finanzas, la comprensi\u00f3n estrat\u00e9gica es fundamental. En Zenit, nuestro equipo de expertos ofrece una inteligencia de mercado y una visi\u00f3n estrat\u00e9gica incomparables. Navegue por el panorama financiero con confianza, armado con el conocimiento, la experiencia y la tecnolog\u00eda necesarios<em><strong><b> para tomar decisiones informadas.<\/b><\/strong><\/em><\/p>\t\t\t\t\t\t\t\t<\/div>\n\t\t\t\t<\/div>\n\t\t\t\t\t<\/div>\n\t\t<\/div>\n\t\t\t\t\t<\/div>\n\t\t<\/section>\n\t\t\t\t<section class=\"elementor-section elementor-top-section elementor-element elementor-element-cc02234 elementor-section-full_width qodef-elementor-content-grid elementor-section-height-default elementor-section-height-default\" data-id=\"cc02234\" data-element_type=\"section\" data-e-type=\"section\" id=\"customized-solutions\" data-settings=\"{&quot;background_background&quot;:&quot;classic&quot;}\">\n\t\t\t\t\t\t\t<div class=\"elementor-background-overlay\"><\/div>\n\t\t\t\t\t\t\t<div class=\"elementor-container elementor-column-gap-default\">\n\t\t\t\t\t<div class=\"elementor-column elementor-col-100 elementor-top-column elementor-element elementor-element-d427a11\" data-id=\"d427a11\" data-element_type=\"column\" data-e-type=\"column\">\n\t\t\t<div class=\"elementor-widget-wrap elementor-element-populated\">\n\t\t\t\t\t\t<div class=\"elementor-element elementor-element-d70dc13 elementor-widget elementor-widget-halstein_core_section_title\" data-id=\"d70dc13\" data-element_type=\"widget\" data-e-type=\"widget\" data-widget_type=\"halstein_core_section_title.default\">\n\t\t\t\t<div class=\"elementor-widget-container\">\n\t\t\t\t\t<div class=\"qodef-shortcode qodef-m product-subtitle qodef-section-title qodef-alignment--center\">\n\t\t<h5 class=\"qodef-m-tagline\" style=\"color: #AA6D4B\">\n\t\tSoluciones Personalizadas\t<\/h5>\n\t\t<h3 class=\"qodef-m-title\" >\n\t\t\t\t\tConfeccionando tu Tapiz Financiero\t\t\t<\/h3>\n\t\t\t<\/div>\n\t\t\t\t<\/div>\n\t\t\t\t<\/div>\n\t\t\t\t<div class=\"elementor-element elementor-element-9bce804 elementor-widget__width-initial elementor-widget elementor-widget-text-editor\" data-id=\"9bce804\" data-element_type=\"widget\" data-e-type=\"widget\" data-widget_type=\"text-editor.default\">\n\t\t\t\t<div class=\"elementor-widget-container\">\n\t\t\t\t\t\t\t\t\t<p>En Zenit, comprendemos que su camino financiero es \u00fanico. Nuestro equipo de <em><strong><b>expertos se especializa en la creaci\u00f3n de soluciones personalizadas adaptadas a sus aspiraciones financieras particulares.<\/b><\/strong><\/em> Ya sea que busque preservar su patrimonio, lograr crecimiento o planificar su legado, nuestras estrategias a medida est\u00e1n meticulosamente dise\u00f1adas para alinearse con tus ambiciones financieras.<\/p>\t\t\t\t\t\t\t\t<\/div>\n\t\t\t\t<\/div>\n\t\t\t\t\t<\/div>\n\t\t<\/div>\n\t\t\t\t\t<\/div>\n\t\t<\/section>\n\t\t\t\t<section class=\"elementor-section elementor-top-section elementor-element elementor-element-c774b75 elementor-section-full_width qodef-elementor-content-grid elementor-section-content-middle elementor-section-height-default elementor-section-height-default\" data-id=\"c774b75\" data-element_type=\"section\" data-e-type=\"section\" id=\"uncommon-opportunities\" data-settings=\"{&quot;background_background&quot;:&quot;classic&quot;}\">\n\t\t\t\t\t\t\t<div class=\"elementor-background-overlay\"><\/div>\n\t\t\t\t\t\t\t<div class=\"elementor-container elementor-column-gap-default\">\n\t\t\t\t\t<div class=\"elementor-column elementor-col-100 elementor-top-column elementor-element elementor-element-caf54e3\" data-id=\"caf54e3\" data-element_type=\"column\" data-e-type=\"column\">\n\t\t\t<div class=\"elementor-widget-wrap elementor-element-populated\">\n\t\t\t\t\t\t<div class=\"elementor-element elementor-element-ff6e7fe elementor-widget elementor-widget-halstein_core_section_title\" data-id=\"ff6e7fe\" data-element_type=\"widget\" data-e-type=\"widget\" data-widget_type=\"halstein_core_section_title.default\">\n\t\t\t\t<div class=\"elementor-widget-container\">\n\t\t\t\t\t<div class=\"qodef-shortcode qodef-m product-subtitle qodef-section-title qodef-alignment--left\">\n\t\t<h5 class=\"qodef-m-tagline\" style=\"color: #D5C899\">\n\t\tOportunidades Inigualables\t<\/h5>\n\t\t<h3 class=\"qodef-m-title\" style=\"color: #FFFFFF\">\n\t\t\t\t\tPotencia tu<br> Riqueza\t\t\t<\/h3>\n\t\t\t<\/div>\n\t\t\t\t<\/div>\n\t\t\t\t<\/div>\n\t\t\t\t<div class=\"elementor-element elementor-element-e8b6f7e elementor-widget elementor-widget-text-editor\" data-id=\"e8b6f7e\" data-element_type=\"widget\" data-e-type=\"widget\" data-widget_type=\"text-editor.default\">\n\t\t\t\t<div class=\"elementor-widget-container\">\n\t\t\t\t\t\t\t\t\t<p class=\"translation-block\">Sum\u00e9rgete en un mundo de oportunidades inigualables con Zenit. Descubrimos y capitalizamos enfoques no convencionales, asegurando que tu patrimonio florezca, y alcance nuevas alturas. \n <em><strong><b>Nuestro compromiso con la innovaci\u00f3n nos distingue,<\/b><\/strong><\/em> brind\u00e1ndole la oportunidad de explorar y capitalizar posibilidades financieras extraordinarias.<\/p>\t\t\t\t\t\t\t\t<\/div>\n\t\t\t\t<\/div>\n\t\t\t\t<div class=\"elementor-element elementor-element-4d00a09 elementor-widget elementor-widget-halstein_core_button\" data-id=\"4d00a09\" data-element_type=\"widget\" data-e-type=\"widget\" data-widget_type=\"halstein_core_button.default\">\n\t\t\t\t<div class=\"elementor-widget-container\">\n\t\t\t\t\t<a class=\"qodef-shortcode qodef-m  qodef-button qodef-layout--outlined qodef-size--small qodef-html--link\" href=\"\/es\/advisory-platform\/\" target=\"_self\"  style=\"color: #BEB6B2\">\n\t<span class=\"qodef-m-text\">Plataforma de asesoramiento<\/span>\n<\/a>\n\t\t\t\t<\/div>\n\t\t\t\t<\/div>\n\t\t\t\t\t<\/div>\n\t\t<\/div>\n\t\t\t\t\t<\/div>\n\t\t<\/section>\n\t\t\t\t<\/div>","protected":false},"excerpt":{"rendered":"<p>About Zenit Wealth Advisory Welcome to Zenit Wealth Advisory, where financial elegance meets bespoke wealth solutions. At Zenit, we believe in the art of personalized wealth management, tailoring strategies that transcend conventional approaches. Our commitment is to guide you through a seamless journey towards financial prosperity, emphasizing a legacy of enduring success. About Zenit Wealth [&hellip;]<\/p>\n","protected":false},"author":1,"featured_media":0,"parent":0,"menu_order":0,"comment_status":"closed","ping_status":"closed","template":"page-full-width.php","meta":{"footnotes":""},"class_list":["post-1196","page","type-page","status-publish","hentry"],"yoast_head":"<!-- This site is optimized with the Yoast SEO plugin v26.8 - https:\/\/yoast.com\/product\/yoast-seo-wordpress\/ -->\n<title>Wealth Advisory - ZENIT<\/title>\n<meta name=\"robots\" content=\"index, follow, max-snippet:-1, max-image-preview:large, max-video-preview:-1\" \/>\n<link rel=\"canonical\" href=\"https:\/\/zenitcapital.com\/es\/wealth-advisory\/\" \/>\n<meta property=\"og:locale\" content=\"es_ES\" \/>\n<meta property=\"og:type\" content=\"article\" \/>\n<meta property=\"og:title\" content=\"Wealth Advisory - ZENIT\" \/>\n<meta property=\"og:description\" content=\"About Zenit Wealth Advisory Welcome to Zenit Wealth Advisory, where financial elegance meets bespoke wealth solutions. At Zenit, we believe in the art of personalized wealth management, tailoring strategies that transcend conventional approaches. Our commitment is to guide you through a seamless journey towards financial prosperity, emphasizing a legacy of enduring success. About Zenit Wealth [&hellip;]\" \/>\n<meta property=\"og:url\" content=\"https:\/\/zenitcapital.com\/es\/wealth-advisory\/\" \/>\n<meta property=\"og:site_name\" content=\"ZENIT\" \/>\n<meta property=\"article:modified_time\" content=\"2025-05-19T13:14:12+00:00\" \/>\n<meta property=\"og:image\" content=\"https:\/\/zenitcapital.com\/wp-content\/uploads\/2021\/10\/klaus-kreuer-qE6BF2CA0I0square.jpg\" \/>\n<meta name=\"twitter:card\" content=\"summary_large_image\" \/>\n<meta name=\"twitter:label1\" content=\"Est. reading time\" \/>\n\t<meta name=\"twitter:data1\" content=\"2 minutos\" \/>\n<script type=\"application\/ld+json\" class=\"yoast-schema-graph\">{\"@context\":\"https:\/\/schema.org\",\"@graph\":[{\"@type\":\"WebPage\",\"@id\":\"https:\/\/zenitcapital.com\/wealth-advisory\/\",\"url\":\"https:\/\/zenitcapital.com\/wealth-advisory\/\",\"name\":\"Wealth Advisory - ZENIT\",\"isPartOf\":{\"@id\":\"https:\/\/zenitcapital.com\/#website\"},\"primaryImageOfPage\":{\"@id\":\"https:\/\/zenitcapital.com\/wealth-advisory\/#primaryimage\"},\"image\":{\"@id\":\"https:\/\/zenitcapital.com\/wealth-advisory\/#primaryimage\"},\"thumbnailUrl\":\"https:\/\/zenitcapital.com\/wp-content\/uploads\/2021\/10\/klaus-kreuer-qE6BF2CA0I0square.jpg\",\"datePublished\":\"2021-10-07T10:17:13+00:00\",\"dateModified\":\"2025-05-19T13:14:12+00:00\",\"breadcrumb\":{\"@id\":\"https:\/\/zenitcapital.com\/wealth-advisory\/#breadcrumb\"},\"inLanguage\":\"es-DO\",\"potentialAction\":[{\"@type\":\"ReadAction\",\"target\":[\"https:\/\/zenitcapital.com\/wealth-advisory\/\"]}]},{\"@type\":\"ImageObject\",\"inLanguage\":\"es-DO\",\"@id\":\"https:\/\/zenitcapital.com\/wealth-advisory\/#primaryimage\",\"url\":\"https:\/\/zenitcapital.com\/wp-content\/uploads\/2021\/10\/klaus-kreuer-qE6BF2CA0I0square.jpg\",\"contentUrl\":\"https:\/\/zenitcapital.com\/wp-content\/uploads\/2021\/10\/klaus-kreuer-qE6BF2CA0I0square.jpg\"},{\"@type\":\"BreadcrumbList\",\"@id\":\"https:\/\/zenitcapital.com\/wealth-advisory\/#breadcrumb\",\"itemListElement\":[{\"@type\":\"ListItem\",\"position\":1,\"name\":\"Home\",\"item\":\"https:\/\/zenitcapital.com\/\"},{\"@type\":\"ListItem\",\"position\":2,\"name\":\"Wealth Advisory\"}]},{\"@type\":\"WebSite\",\"@id\":\"https:\/\/zenitcapital.com\/#website\",\"url\":\"https:\/\/zenitcapital.com\/\",\"name\":\"ZENIT\",\"description\":\"Zenit tu punto m&aacute;s alto\",\"publisher\":{\"@id\":\"https:\/\/zenitcapital.com\/#organization\"},\"potentialAction\":[{\"@type\":\"SearchAction\",\"target\":{\"@type\":\"EntryPoint\",\"urlTemplate\":\"https:\/\/zenitcapital.com\/?s={search_term_string}\"},\"query-input\":{\"@type\":\"PropertyValueSpecification\",\"valueRequired\":true,\"valueName\":\"search_term_string\"}}],\"inLanguage\":\"es-DO\"},{\"@type\":\"Organization\",\"@id\":\"https:\/\/zenitcapital.com\/#organization\",\"name\":\"ZENIT\",\"url\":\"https:\/\/zenitcapital.com\/\",\"logo\":{\"@type\":\"ImageObject\",\"inLanguage\":\"es-DO\",\"@id\":\"https:\/\/zenitcapital.com\/#\/schema\/logo\/image\/\",\"url\":\"https:\/\/zenitcapital.com\/wp-content\/uploads\/2024\/11\/Asset-3@2x.webp\",\"contentUrl\":\"https:\/\/zenitcapital.com\/wp-content\/uploads\/2024\/11\/Asset-3@2x.webp\",\"width\":406,\"height\":100,\"caption\":\"ZENIT\"},\"image\":{\"@id\":\"https:\/\/zenitcapital.com\/#\/schema\/logo\/image\/\"}}]}<\/script>\n<!-- \/ Yoast SEO plugin. -->","yoast_head_json":{"title":"Wealth Advisory - ZENIT","robots":{"index":"index","follow":"follow","max-snippet":"max-snippet:-1","max-image-preview":"max-image-preview:large","max-video-preview":"max-video-preview:-1"},"canonical":"https:\/\/zenitcapital.com\/es\/wealth-advisory\/","og_locale":"es_ES","og_type":"article","og_title":"Wealth Advisory - ZENIT","og_description":"About Zenit Wealth Advisory Welcome to Zenit Wealth Advisory, where financial elegance meets bespoke wealth solutions. At Zenit, we believe in the art of personalized wealth management, tailoring strategies that transcend conventional approaches. Our commitment is to guide you through a seamless journey towards financial prosperity, emphasizing a legacy of enduring success. About Zenit Wealth [&hellip;]","og_url":"https:\/\/zenitcapital.com\/es\/wealth-advisory\/","og_site_name":"ZENIT","article_modified_time":"2025-05-19T13:14:12+00:00","og_image":[{"url":"https:\/\/zenitcapital.com\/wp-content\/uploads\/2021\/10\/klaus-kreuer-qE6BF2CA0I0square.jpg","type":"","width":"","height":""}],"twitter_card":"summary_large_image","twitter_misc":{"Est. reading time":"2 minutos"},"schema":{"@context":"https:\/\/schema.org","@graph":[{"@type":"WebPage","@id":"https:\/\/zenitcapital.com\/wealth-advisory\/","url":"https:\/\/zenitcapital.com\/wealth-advisory\/","name":"Wealth Advisory - ZENIT","isPartOf":{"@id":"https:\/\/zenitcapital.com\/#website"},"primaryImageOfPage":{"@id":"https:\/\/zenitcapital.com\/wealth-advisory\/#primaryimage"},"image":{"@id":"https:\/\/zenitcapital.com\/wealth-advisory\/#primaryimage"},"thumbnailUrl":"https:\/\/zenitcapital.com\/wp-content\/uploads\/2021\/10\/klaus-kreuer-qE6BF2CA0I0square.jpg","datePublished":"2021-10-07T10:17:13+00:00","dateModified":"2025-05-19T13:14:12+00:00","breadcrumb":{"@id":"https:\/\/zenitcapital.com\/wealth-advisory\/#breadcrumb"},"inLanguage":"es-DO","potentialAction":[{"@type":"ReadAction","target":["https:\/\/zenitcapital.com\/wealth-advisory\/"]}]},{"@type":"ImageObject","inLanguage":"es-DO","@id":"https:\/\/zenitcapital.com\/wealth-advisory\/#primaryimage","url":"https:\/\/zenitcapital.com\/wp-content\/uploads\/2021\/10\/klaus-kreuer-qE6BF2CA0I0square.jpg","contentUrl":"https:\/\/zenitcapital.com\/wp-content\/uploads\/2021\/10\/klaus-kreuer-qE6BF2CA0I0square.jpg"},{"@type":"BreadcrumbList","@id":"https:\/\/zenitcapital.com\/wealth-advisory\/#breadcrumb","itemListElement":[{"@type":"ListItem","position":1,"name":"Home","item":"https:\/\/zenitcapital.com\/"},{"@type":"ListItem","position":2,"name":"Wealth Advisory"}]},{"@type":"WebSite","@id":"https:\/\/zenitcapital.com\/#website","url":"https:\/\/zenitcapital.com\/","name":"ZENIT","description":"Zenit tu punto m&aacute;s alto","publisher":{"@id":"https:\/\/zenitcapital.com\/#organization"},"potentialAction":[{"@type":"SearchAction","target":{"@type":"EntryPoint","urlTemplate":"https:\/\/zenitcapital.com\/?s={search_term_string}"},"query-input":{"@type":"PropertyValueSpecification","valueRequired":true,"valueName":"search_term_string"}}],"inLanguage":"es-DO"},{"@type":"Organization","@id":"https:\/\/zenitcapital.com\/#organization","name":"ZENIT","url":"https:\/\/zenitcapital.com\/","logo":{"@type":"ImageObject","inLanguage":"es-DO","@id":"https:\/\/zenitcapital.com\/#\/schema\/logo\/image\/","url":"https:\/\/zenitcapital.com\/wp-content\/uploads\/2024\/11\/Asset-3@2x.webp","contentUrl":"https:\/\/zenitcapital.com\/wp-content\/uploads\/2024\/11\/Asset-3@2x.webp","width":406,"height":100,"caption":"ZENIT"},"image":{"@id":"https:\/\/zenitcapital.com\/#\/schema\/logo\/image\/"}}]}},"_links":{"self":[{"href":"https:\/\/zenitcapital.com\/es\/wp-json\/wp\/v2\/pages\/1196","targetHints":{"allow":["GET"]}}],"collection":[{"href":"https:\/\/zenitcapital.com\/es\/wp-json\/wp\/v2\/pages"}],"about":[{"href":"https:\/\/zenitcapital.com\/es\/wp-json\/wp\/v2\/types\/page"}],"author":[{"embeddable":true,"href":"https:\/\/zenitcapital.com\/es\/wp-json\/wp\/v2\/users\/1"}],"replies":[{"embeddable":true,"href":"https:\/\/zenitcapital.com\/es\/wp-json\/wp\/v2\/comments?post=1196"}],"version-history":[{"count":185,"href":"https:\/\/zenitcapital.com\/es\/wp-json\/wp\/v2\/pages\/1196\/revisions"}],"predecessor-version":[{"id":12842,"href":"https:\/\/zenitcapital.com\/es\/wp-json\/wp\/v2\/pages\/1196\/revisions\/12842"}],"wp:attachment":[{"href":"https:\/\/zenitcapital.com\/es\/wp-json\/wp\/v2\/media?parent=1196"}],"curies":[{"name":"wp","href":"https:\/\/api.w.org\/{rel}","templated":true}]}}