{"id":12968,"date":"2026-03-18T13:57:11","date_gmt":"2026-03-18T13:57:11","guid":{"rendered":"https:\/\/zenitcapital.com\/?page_id=12968"},"modified":"2026-03-25T20:54:51","modified_gmt":"2026-03-25T20:54:51","slug":"blog","status":"publish","type":"page","link":"https:\/\/zenitcapital.com\/es\/blog\/","title":{"rendered":"Blog"},"content":{"rendered":"<div data-elementor-type=\"wp-page\" data-elementor-id=\"12968\" class=\"elementor elementor-12968\">\n\t\t\t\t<div class=\"elementor-element elementor-element-d3a4109 e-flex e-con-boxed e-con e-parent\" data-id=\"d3a4109\" data-element_type=\"container\" data-e-type=\"container\">\n\t\t\t\t\t<div class=\"e-con-inner\">\n\t\t\t\t<div class=\"elementor-element elementor-element-40eb0ab elementor-widget elementor-widget-qi_addons_for_elementor_blog_list\" data-id=\"40eb0ab\" data-element_type=\"widget\" data-e-type=\"widget\" data-widget_type=\"qi_addons_for_elementor_blog_list.default\">\n\t\t\t\t<div class=\"elementor-widget-container\">\n\t\t\t\t\t<div class=\"qodef-shortcode qodef-m qodef-addons-blog-list qodef-image--hover-zoom qodef-qi-grid qodef-layout--qi-columns qodef-col-num--1 qodef-item-layout--side-image qodef-responsive--predefined\" >\n\t<div class=\"qodef-grid-inner\">\n\t\t<article class=\"qodef-e qodef-blog-item qodef-grid-item qodef-item--huge-square post-12966 post type-post status-publish format-standard has-post-thumbnail hentry category-bussines\">\n\t<div class=\"qodef-e-inner\">\n\t\t<div class=\"qodef-e-media\">\n\t\t<div class=\"qodef-e-media-image\">\n\t\t<a itemprop=\"url\" href=\"https:\/\/zenitcapital.com\/es\/gestion-patrimonial-por-que-construir-tu-legado-sin-urgencia-es-la-estrategia-definitiva\/\">\n\t\t\t<img fetchpriority=\"high\" decoding=\"async\" width=\"1300\" height=\"966\" src=\"https:\/\/zenitcapital.com\/wp-content\/uploads\/2026\/03\/europeana-RdGy3TZQ440-e1773843910663-1300x966.jpg\" class=\"attachment-qi_addons_for_elementor_image_size_huge-square size-qi_addons_for_elementor_image_size_huge-square\" alt=\"\" \/>\t\t<\/a>\n\t\t\t<\/div>\n<\/div>\n\t\t<div class=\"qodef-e-content\">\n\t\t\t\t\t\t\t<div class=\"qodef-e-info qodef-info--top\">\n\t\t\t\t\t<div itemprop=\"dateCreated\" class=\"qodef-e-info-item qodef-e-info-date entry-date\">\n\t<a itemprop=\"url\" href=\"https:\/\/zenitcapital.com\/es\/2026\/03\/\">\n\t\t<svg class=\"qodef-e-info-item-icon\" xmlns=\"http:\/\/www.w3.org\/2000\/svg\" x=\"0px\" y=\"0px\" viewbox=\"0 0 14.6 14.6\" xml:space=\"preserve\"><path d=\"M10.9,1.3V0.2h-0.6v1.2H4.3V0.2H3.7v1.2H0.2v13.1h14.3V1.3H10.9z M10.9,1.9v1.2h-0.6V1.9H10.9z M4.3,1.9v1.2H3.7V1.9H4.3z M13.8,13.8H0.8V4.9h13.1V13.8z\"\/><\/svg>\t\tmarzo 18, 2026\t<\/a>\n<\/div>\n<div class=\"qodef-e-info-item qodef-e-info-category\">\n\t<svg class=\"qodef-e-info-item-icon\" xmlns=\"http:\/\/www.w3.org\/2000\/svg\" x=\"0px\" y=\"0px\" viewbox=\"0 0 16.1 14.9\" xml:space=\"preserve\"><path d=\"M14.6,0.3c0.3,0,0.6,0.1,0.9,0.3s0.4,0.5,0.4,0.9v10.6c0,0.3-0.1,0.6-0.4,0.9s-0.5,0.4-0.9,0.4H9.3c-0.6,0-0.9,0.2-0.9,0.7v0.5H8H7.8v-0.5c0-0.5-0.3-0.7-0.9-0.7H1.5c-0.3,0-0.6-0.1-0.9-0.4c-0.2-0.2-0.4-0.5-0.4-0.9V1.5c0-0.3,0.1-0.6,0.4-0.9c0.2-0.2,0.5-0.3,0.9-0.3h5.6c0.4,0,0.7,0.1,1,0.4c0.2-0.3,0.6-0.4,1-0.4H14.6z M7.8,13.2V1.7c0-0.2-0.1-0.4-0.3-0.5C7.3,1,7,0.9,6.8,0.9H1.5c-0.4,0-0.6,0.2-0.6,0.6v10.6c0,0.2,0.1,0.3,0.2,0.5s0.3,0.2,0.4,0.2h5.3C7.3,12.8,7.6,12.9,7.8,13.2zM15.2,12.1V1.5c0-0.4-0.2-0.6-0.6-0.6h-1.2v4.9l-1.8-1.2L9.8,5.7V0.9H9.3C9,0.9,8.8,1,8.6,1.2C8.4,1.3,8.3,1.5,8.3,1.7v11.5c0.1-0.3,0.4-0.4,0.9-0.4h5.3c0.2,0,0.3-0.1,0.4-0.2S15.2,12.3,15.2,12.1z M10.4,0.9v3.7l0.9-0.5l0.3-0.2l0.3,0.2l0.9,0.5V0.9H10.4z\"\/><\/svg>\t<a href=\"https:\/\/zenitcapital.com\/es\/category\/bussines\/\" rel=\"category tag\">Bussines<\/a><\/div>\n<div class=\"qodef-e-info-item qodef-e-info-author\">\n\t<a itemprop=\"author\" class=\"qodef-e-info-author-link\" href=\"https:\/\/zenitcapital.com\/es\/author\/ulises\/\">\n\t\t<svg class=\"qodef-e-info-item-icon\" xmlns=\"http:\/\/www.w3.org\/2000\/svg\" x=\"0px\" y=\"0px\" viewbox=\"0 0 15.9 15.9\" xml:space=\"preserve\"><path d=\"M2.5,2.5C4,1,5.8,0.2,7.9,0.2c2.1,0,3.9,0.8,5.5,2.3c1.5,1.5,2.3,3.3,2.3,5.5c0,2.1-0.8,3.9-2.3,5.5c-1.5,1.5-3.3,2.3-5.5,2.3c-2.1,0-3.9-0.8-5.5-2.3C1,11.9,0.2,10,0.2,7.9C0.2,5.8,1,4,2.5,2.5z M12.9,2.9c-1.4-1.4-3.1-2.1-5-2.1c-2,0-3.6,0.7-5,2.1C1.5,4.3,0.9,6,0.9,7.9c0,1.7,0.6,3.2,1.7,4.5c1-0.4,2.1-0.8,3.3-1.2c0.1,0,0.1-0.2,0.1-0.4c0-0.4,0-0.7-0.1-0.9C5.7,9.7,5.6,9.3,5.5,8.8C5.3,8.5,5.1,8.1,5,7.6c-0.1-0.4-0.1-0.7,0-1V6.5c0.1-0.2,0-0.7-0.1-1.4C4.8,4.5,5,3.8,5.5,3.2c0.5-0.6,1.2-1,2.2-1h0.7c1,0,1.7,0.4,2.2,1c0.5,0.6,0.7,1.3,0.6,1.9c-0.1,0.7-0.2,1.2-0.1,1.4c0,0,0,0,0,0.1c0.1,0.2,0.1,0.6,0,1c-0.1,0.5-0.3,0.9-0.5,1.2c-0.1,0.5-0.2,0.9-0.3,1.2c-0.1,0.3-0.2,0.6-0.2,0.9c0,0.2,0,0.4,0.1,0.4c1.2,0.4,2.4,0.8,3.5,1.2c1.1-1.3,1.7-2.8,1.7-4.5C15,6,14.3,4.3,12.9,2.9z\"\/><\/svg>\t\tUlises\t<\/a>\n<\/div>\n\t\t\t\t<\/div>\n\t\t\t\t\t\t<div class=\"qodef-e-text\">\n\t\t\t\t<h5 itemprop=\"name\" class=\"qodef-e-title entry-title\">\n\t<a itemprop=\"url\" class=\"qodef-e-title-link\" href=\"https:\/\/zenitcapital.com\/es\/gestion-patrimonial-por-que-construir-tu-legado-sin-urgencia-es-la-estrategia-definitiva\/\">\n\t\tGesti\u00f3n Patrimonial: \u00bfPor qu\u00e9 Construir tu Legado Sin Urgencia es la Estrategia Definitiva?\t<\/a>\n<\/h5>\n\t\t<p itemprop=\"description\" class=\"qodef-e-excerpt\">\n\t\t\tVivimos en una era donde todo ocurre a un ritmo vertiginoso. La digitalizaci\u00f3n, el acceso inmediato a la informaci\u00f3n y las constantes fluctuaciones globales han creado un entorno\t\t<\/p>\n\t\t\t\t<\/div>\n\t\t\t\t\t\t\t<div class=\"qodef-e-info qodef-info--bottom\">\n\t\t\t\t\t\t<div class=\"qodef-e-read-more\">\n\t\t<a class=\"qodef-shortcode qodef-m qodef-qi-button qodef-html--link qodef-layout--outlined qodef-type--standard qodef-size--small qodef-icon--right qodef-hover--icon-move-horizontal-short\" href=\"https:\/\/zenitcapital.com\/es\/gestion-patrimonial-por-que-construir-tu-legado-sin-urgencia-es-la-estrategia-definitiva\/\" target=\"_self\">\t<span class=\"qodef-m-text\">Leer M\u00e1s<\/span>\t<\/a>\t<\/div>\n\t\t\t\t<\/div>\n\t\t\t\t\t<\/div>\n\t<\/div>\n<\/article>\n\t<\/div>\n\t<\/div>\n\t\t\t\t<\/div>\n\t\t\t\t<\/div>\n\t\t\t\t\t<\/div>\n\t\t\t\t<\/div>\n\t\t<div class=\"elementor-element elementor-element-3b8c984 e-flex e-con-boxed e-con e-parent\" data-id=\"3b8c984\" data-element_type=\"container\" data-e-type=\"container\">\n\t\t\t\t\t<div class=\"e-con-inner\">\n\t\t\t\t<div class=\"elementor-element elementor-element-e3b8152 elementor-widget elementor-widget-halstein_core_blog_list\" data-id=\"e3b8152\" data-element_type=\"widget\" data-e-type=\"widget\" data-widget_type=\"halstein_core_blog_list.default\">\n\t\t\t\t<div class=\"elementor-widget-container\">\n\t\t\t\t\t<div class=\"qodef-shortcode qodef-m  qodef-blog qodef--list qodef-item-layout--standard qodef-grid qodef-layout--columns  qodef-gutter--normal qodef-col-num--2   qodef-item-layout--standard qodef-pagination--on qodef-pagination-type--infinite-scroll qodef-responsive--predefined\" data-options=\"{&quot;plugin&quot;:&quot;halstein_core&quot;,&quot;module&quot;:&quot;blog\\\/shortcodes&quot;,&quot;shortcode&quot;:&quot;blog-list&quot;,&quot;post_type&quot;:&quot;post&quot;,&quot;next_page&quot;:&quot;2&quot;,&quot;max_pages_num&quot;:1,&quot;behavior&quot;:&quot;columns&quot;,&quot;images_proportion&quot;:&quot;full&quot;,&quot;columns&quot;:&quot;2&quot;,&quot;columns_responsive&quot;:&quot;predefined&quot;,&quot;space&quot;:&quot;normal&quot;,&quot;posts_per_page&quot;:&quot;9&quot;,&quot;orderby&quot;:&quot;date&quot;,&quot;order&quot;:&quot;DESC&quot;,&quot;layout&quot;:&quot;standard&quot;,&quot;title_tag&quot;:&quot;h4&quot;,&quot;pagination_type&quot;:&quot;infinite-scroll&quot;,&quot;object_class_name&quot;:&quot;HalsteinCore_Blog_List_Shortcode&quot;,&quot;taxonomy_filter&quot;:&quot;category&quot;,&quot;additional_query_args&quot;:[],&quot;space_value&quot;:15}\">\n\t\t<div class=\"qodef-grid-inner clear\">\n\t\t<article class=\"qodef-e qodef-blog-item qodef-grid-item qodef-item--full post-12966 post type-post status-publish format-standard has-post-thumbnail hentry category-bussines\">\n\t<div class=\"qodef-e-inner\">\n\t\t<div class=\"qodef-e-media\">\n\t\t<div class=\"qodef-e-media-image\">\n\t\t<a itemprop=\"url\" href=\"https:\/\/zenitcapital.com\/es\/gestion-patrimonial-por-que-construir-tu-legado-sin-urgencia-es-la-estrategia-definitiva\/\">\n\t\t\t<img decoding=\"async\" width=\"2092\" height=\"966\" src=\"https:\/\/zenitcapital.com\/wp-content\/uploads\/2026\/03\/europeana-RdGy3TZQ440-e1773843910663.jpg\" class=\"attachment-full size-full wp-post-image\" alt=\"\" srcset=\"https:\/\/zenitcapital.com\/wp-content\/uploads\/2026\/03\/europeana-RdGy3TZQ440-e1773843910663.jpg 2092w, https:\/\/zenitcapital.com\/wp-content\/uploads\/2026\/03\/europeana-RdGy3TZQ440-e1773843910663-300x139.jpg 300w, https:\/\/zenitcapital.com\/wp-content\/uploads\/2026\/03\/europeana-RdGy3TZQ440-e1773843910663-1024x473.jpg 1024w, https:\/\/zenitcapital.com\/wp-content\/uploads\/2026\/03\/europeana-RdGy3TZQ440-e1773843910663-768x355.jpg 768w, https:\/\/zenitcapital.com\/wp-content\/uploads\/2026\/03\/europeana-RdGy3TZQ440-e1773843910663-1536x709.jpg 1536w, https:\/\/zenitcapital.com\/wp-content\/uploads\/2026\/03\/europeana-RdGy3TZQ440-e1773843910663-2048x946.jpg 2048w, https:\/\/zenitcapital.com\/wp-content\/uploads\/2026\/03\/europeana-RdGy3TZQ440-e1773843910663-18x8.jpg 18w\" sizes=\"(max-width: 2092px) 100vw, 2092px\" \/>\t\t<\/a>\n\t<\/div>\n<\/div>\n\t\t<div class=\"qodef-e-content\">\n\t\t\t<div class=\"qodef-e-top-holder\">\n\t\t\t\t<div class=\"qodef-e-info\">\n\t\t\t\t\t<a itemprop=\"dateCreated\" href=\"https:\/\/zenitcapital.com\/es\/2026\/03\/\" class=\"entry-date\">\n\tmarzo 18, 2026<\/a><div class=\"qodef-info-separator-end\"><\/div>\n<a itemprop=\"author\" href=\"https:\/\/zenitcapital.com\/es\/author\/ulises\/\" class=\"qodef-e-info-author\">\n\tBy\tUlises<\/a>\n<div class=\"qodef-info-separator-end\"><\/div>\n<a href=\"https:\/\/zenitcapital.com\/es\/category\/bussines\/\" rel=\"tag\">Bussines<\/a><div class=\"qodef-info-separator-end\"><\/div>\n\t\t\t\t<\/div>\n\t\t\t<\/div>\n\t\t\t<div class=\"qodef-e-text\">\n\t\t\t\t<h4 itemprop=\"name\" class=\"qodef-e-title entry-title\" >\n\t<a itemprop=\"url\" class=\"qodef-e-title-link\" href=\"https:\/\/zenitcapital.com\/es\/gestion-patrimonial-por-que-construir-tu-legado-sin-urgencia-es-la-estrategia-definitiva\/\">\n\t\tGesti\u00f3n Patrimonial: \u00bfPor qu\u00e9 Construir tu Legado Sin Urgencia es la Estrategia Definitiva?\t<\/a>\n<\/h4>\n\t\t<p itemprop=\"description\" class=\"qodef-e-excerpt\">Vivimos en una era donde todo ocurre a un ritmo vertiginoso. La digitalizaci\u00f3n, el acceso inmediato a la informaci\u00f3n y las constantes fluctuaciones globales han creado un entorno<\/p>\n\t\t\t\t\t<\/div>\n\t\t\t<div class=\"qodef-e-bottom-holder\">\n\t\t\t\t<div class=\"qodef-e-left\">\n\t\t\t\t\t\t<div class=\"qodef-e-read-more\">\n\t\t<a class=\"qodef-shortcode qodef-m  qodef-button qodef-layout--textual  qodef-html--link\" href=\"https:\/\/zenitcapital.com\/es\/gestion-patrimonial-por-que-construir-tu-legado-sin-urgencia-es-la-estrategia-definitiva\/\" target=\"_self\"  >\t<span class=\"qodef-m-text\">Read More<\/span>\t<span class=\"qodef-m-icon\"><svg class=\"qodef-svg--button-arrow\" xmlns=\"http:\/\/www.w3.org\/2000\/svg\"     xmlns:xlink=\"http:\/\/www.w3.org\/1999\/xlink\" x=\"0px\" y=\"0px\" width=\"17\"     viewbox=\"0 0 17 20\" style=\"enable-background:new 0 0 17 20;\" xml:space=\"preserve\"><polyline class=\"qodef-m-arrow\" points=\"7.1,3.9 13,9.8 7.1,15.9 \"\/><rect class=\"qodef-m-line\"  width=\"1\" height=\"20\"\/><\/svg><\/span><\/a>\t<\/div>\n\t\t\t\t<\/div>\n\t\t\t\t<div class=\"qodef-e-right qodef-e-info\">\n\t\t\t\t\t<div class=\"qodef-e-info-item qodef-e-info-social-share\">\n\t<div class=\"qodef-shortcode qodef-m  qodef-social-share clear qodef-layout--text\">\t\t<ul class=\"qodef-shortcode-list\">\t\t<li class=\"qodef-facebook-share\">\t<a itemprop=\"url\" class=\"qodef-share-link\" href=\"#\" onclick=\"window.open(&#039;https:\/\/www.facebook.com\/sharer.php?u=https%3A%2F%2Fzenitcapital.com%2Fes%2Fgestion-patrimonial-por-que-construir-tu-legado-sin-urgencia-es-la-estrategia-definitiva%2F&#039;, &#039;sharer&#039;, &#039;toolbar=0,status=0,width=620,height=280&#039;);\">\t\t\t\t\t<span class=\"qodef-social-network-text\">fb<\/span>\t\t\t<\/a><\/li><li class=\"qodef-twitter-share\">\t<a itemprop=\"url\" class=\"qodef-share-link\" href=\"#\" onclick=\"window.open(&#039;https:\/\/twitter.com\/intent\/tweet?text=Vivimos+en+una+era+donde+todo+ocurre+a+un+ritmo+vertiginoso.+La+digitalizaci%C3%B3n%2C+el+acceso++via+%40QodeInteractivehttps:\/\/zenitcapital.com\/es\/gestion-patrimonial-por-que-construir-tu-legado-sin-urgencia-es-la-estrategia-definitiva\/&#039;, &#039;popupwindow&#039;, &#039;scrollbars=yes,width=800,height=400&#039;);\">\t\t\t\t\t<span class=\"qodef-social-network-text\">tw<\/span>\t\t\t<\/a><\/li><li class=\"qodef-linkedin-share\">\t<a itemprop=\"url\" class=\"qodef-share-link\" href=\"#\" onclick=\"popUp=window.open(&#039;https:\/\/linkedin.com\/shareArticle?mini=true&amp;url=https%3A%2F%2Fzenitcapital.com%2Fes%2Fgestion-patrimonial-por-que-construir-tu-legado-sin-urgencia-es-la-estrategia-definitiva%2F&amp;title=Gesti%C3%B3n+Patrimonial%3A+%C2%BFPor+qu%C3%A9+Construir+tu+Legado+Sin+Urgencia+es+la+Estrategia+Definitiva%3F&#039;, &#039;popupwindow&#039;, &#039;scrollbars=yes,width=800,height=400&#039;);popUp.focus();return false;\">\t\t\t\t\t<span class=\"qodef-social-network-text\">ln<\/span>\t\t\t<\/a><\/li>\t<\/ul><\/div><\/div>\n\t\t\t\t<\/div>\n\t\t\t<\/div>\n\t\t<\/div>\n\t<\/div>\n<\/article>\n\t<\/div>\n\t<\/div>\n\t\t\t\t<\/div>\n\t\t\t\t<\/div>\n\t\t\t\t\t<\/div>\n\t\t\t\t<\/div>\n\t\t\t\t<\/div>","protected":false},"excerpt":{"rendered":"<p>March 18, 2026 Bussines Ulises Gesti\u00f3n Patrimonial: \u00bfPor qu\u00e9 Construir tu Legado Sin Urgencia es la Estrategia Definitiva? Vivimos en una era donde todo ocurre a un ritmo vertiginoso. La digitalizaci\u00f3n, el acceso inmediato a la informaci\u00f3n y las constantes fluctuaciones globales han creado un entorno Leer M\u00e1s March 18, 2026 By Ulises Bussines Gesti\u00f3n [&hellip;]<\/p>\n","protected":false},"author":2,"featured_media":0,"parent":0,"menu_order":0,"comment_status":"closed","ping_status":"closed","template":"page-full-width.php","meta":{"footnotes":""},"class_list":["post-12968","page","type-page","status-publish","hentry"],"yoast_head":"<!-- This site is optimized with the Yoast SEO plugin v26.8 - https:\/\/yoast.com\/product\/yoast-seo-wordpress\/ -->\n<title>Blog - ZENIT<\/title>\n<meta name=\"robots\" content=\"index, follow, max-snippet:-1, max-image-preview:large, max-video-preview:-1\" \/>\n<link rel=\"canonical\" href=\"https:\/\/zenitcapital.com\/es\/blog\/\" \/>\n<meta property=\"og:locale\" content=\"es_ES\" \/>\n<meta property=\"og:type\" content=\"article\" \/>\n<meta property=\"og:title\" content=\"Blog - ZENIT\" \/>\n<meta property=\"og:description\" content=\"March 18, 2026 Bussines Ulises Gesti\u00f3n Patrimonial: \u00bfPor qu\u00e9 Construir tu Legado Sin Urgencia es la Estrategia Definitiva? Vivimos en una era donde todo ocurre a un ritmo vertiginoso. La digitalizaci\u00f3n, el acceso inmediato a la informaci\u00f3n y las constantes fluctuaciones globales han creado un entorno Leer M\u00e1s March 18, 2026 By Ulises Bussines Gesti\u00f3n [&hellip;]\" \/>\n<meta property=\"og:url\" content=\"https:\/\/zenitcapital.com\/es\/blog\/\" \/>\n<meta property=\"og:site_name\" content=\"ZENIT\" \/>\n<meta property=\"article:modified_time\" content=\"2026-03-25T20:54:51+00:00\" \/>\n<meta property=\"og:image\" content=\"https:\/\/zenitcapital.com\/wp-content\/uploads\/2026\/03\/europeana-RdGy3TZQ440-e1773843910663-1300x966.jpg\" \/>\n<meta name=\"twitter:card\" content=\"summary_large_image\" \/>\n<meta name=\"twitter:label1\" content=\"Est. reading time\" \/>\n\t<meta name=\"twitter:data1\" content=\"1 minuto\" \/>\n<script type=\"application\/ld+json\" class=\"yoast-schema-graph\">{\"@context\":\"https:\/\/schema.org\",\"@graph\":[{\"@type\":\"WebPage\",\"@id\":\"https:\/\/zenitcapital.com\/blog\/\",\"url\":\"https:\/\/zenitcapital.com\/blog\/\",\"name\":\"Blog - ZENIT\",\"isPartOf\":{\"@id\":\"https:\/\/zenitcapital.com\/#website\"},\"primaryImageOfPage\":{\"@id\":\"https:\/\/zenitcapital.com\/blog\/#primaryimage\"},\"image\":{\"@id\":\"https:\/\/zenitcapital.com\/blog\/#primaryimage\"},\"thumbnailUrl\":\"https:\/\/zenitcapital.com\/wp-content\/uploads\/2026\/03\/europeana-RdGy3TZQ440-e1773843910663-1300x966.jpg\",\"datePublished\":\"2026-03-18T13:57:11+00:00\",\"dateModified\":\"2026-03-25T20:54:51+00:00\",\"breadcrumb\":{\"@id\":\"https:\/\/zenitcapital.com\/blog\/#breadcrumb\"},\"inLanguage\":\"es-DO\",\"potentialAction\":[{\"@type\":\"ReadAction\",\"target\":[\"https:\/\/zenitcapital.com\/blog\/\"]}]},{\"@type\":\"ImageObject\",\"inLanguage\":\"es-DO\",\"@id\":\"https:\/\/zenitcapital.com\/blog\/#primaryimage\",\"url\":\"https:\/\/zenitcapital.com\/wp-content\/uploads\/2026\/03\/europeana-RdGy3TZQ440-e1773843910663-1300x966.jpg\",\"contentUrl\":\"https:\/\/zenitcapital.com\/wp-content\/uploads\/2026\/03\/europeana-RdGy3TZQ440-e1773843910663-1300x966.jpg\"},{\"@type\":\"BreadcrumbList\",\"@id\":\"https:\/\/zenitcapital.com\/blog\/#breadcrumb\",\"itemListElement\":[{\"@type\":\"ListItem\",\"position\":1,\"name\":\"Home\",\"item\":\"https:\/\/zenitcapital.com\/\"},{\"@type\":\"ListItem\",\"position\":2,\"name\":\"Blog\"}]},{\"@type\":\"WebSite\",\"@id\":\"https:\/\/zenitcapital.com\/#website\",\"url\":\"https:\/\/zenitcapital.com\/\",\"name\":\"ZENIT\",\"description\":\"Zenit tu punto m&aacute;s alto\",\"publisher\":{\"@id\":\"https:\/\/zenitcapital.com\/#organization\"},\"potentialAction\":[{\"@type\":\"SearchAction\",\"target\":{\"@type\":\"EntryPoint\",\"urlTemplate\":\"https:\/\/zenitcapital.com\/?s={search_term_string}\"},\"query-input\":{\"@type\":\"PropertyValueSpecification\",\"valueRequired\":true,\"valueName\":\"search_term_string\"}}],\"inLanguage\":\"es-DO\"},{\"@type\":\"Organization\",\"@id\":\"https:\/\/zenitcapital.com\/#organization\",\"name\":\"ZENIT\",\"url\":\"https:\/\/zenitcapital.com\/\",\"logo\":{\"@type\":\"ImageObject\",\"inLanguage\":\"es-DO\",\"@id\":\"https:\/\/zenitcapital.com\/#\/schema\/logo\/image\/\",\"url\":\"https:\/\/zenitcapital.com\/wp-content\/uploads\/2024\/11\/Asset-3@2x.webp\",\"contentUrl\":\"https:\/\/zenitcapital.com\/wp-content\/uploads\/2024\/11\/Asset-3@2x.webp\",\"width\":406,\"height\":100,\"caption\":\"ZENIT\"},\"image\":{\"@id\":\"https:\/\/zenitcapital.com\/#\/schema\/logo\/image\/\"}}]}<\/script>\n<!-- \/ Yoast SEO plugin. -->","yoast_head_json":{"title":"Blog - ZENIT","robots":{"index":"index","follow":"follow","max-snippet":"max-snippet:-1","max-image-preview":"max-image-preview:large","max-video-preview":"max-video-preview:-1"},"canonical":"https:\/\/zenitcapital.com\/es\/blog\/","og_locale":"es_ES","og_type":"article","og_title":"Blog - ZENIT","og_description":"March 18, 2026 Bussines Ulises Gesti\u00f3n Patrimonial: \u00bfPor qu\u00e9 Construir tu Legado Sin Urgencia es la Estrategia Definitiva? Vivimos en una era donde todo ocurre a un ritmo vertiginoso. La digitalizaci\u00f3n, el acceso inmediato a la informaci\u00f3n y las constantes fluctuaciones globales han creado un entorno Leer M\u00e1s March 18, 2026 By Ulises Bussines Gesti\u00f3n [&hellip;]","og_url":"https:\/\/zenitcapital.com\/es\/blog\/","og_site_name":"ZENIT","article_modified_time":"2026-03-25T20:54:51+00:00","og_image":[{"url":"https:\/\/zenitcapital.com\/wp-content\/uploads\/2026\/03\/europeana-RdGy3TZQ440-e1773843910663-1300x966.jpg","type":"","width":"","height":""}],"twitter_card":"summary_large_image","twitter_misc":{"Est. reading time":"1 minuto"},"schema":{"@context":"https:\/\/schema.org","@graph":[{"@type":"WebPage","@id":"https:\/\/zenitcapital.com\/blog\/","url":"https:\/\/zenitcapital.com\/blog\/","name":"Blog - ZENIT","isPartOf":{"@id":"https:\/\/zenitcapital.com\/#website"},"primaryImageOfPage":{"@id":"https:\/\/zenitcapital.com\/blog\/#primaryimage"},"image":{"@id":"https:\/\/zenitcapital.com\/blog\/#primaryimage"},"thumbnailUrl":"https:\/\/zenitcapital.com\/wp-content\/uploads\/2026\/03\/europeana-RdGy3TZQ440-e1773843910663-1300x966.jpg","datePublished":"2026-03-18T13:57:11+00:00","dateModified":"2026-03-25T20:54:51+00:00","breadcrumb":{"@id":"https:\/\/zenitcapital.com\/blog\/#breadcrumb"},"inLanguage":"es-DO","potentialAction":[{"@type":"ReadAction","target":["https:\/\/zenitcapital.com\/blog\/"]}]},{"@type":"ImageObject","inLanguage":"es-DO","@id":"https:\/\/zenitcapital.com\/blog\/#primaryimage","url":"https:\/\/zenitcapital.com\/wp-content\/uploads\/2026\/03\/europeana-RdGy3TZQ440-e1773843910663-1300x966.jpg","contentUrl":"https:\/\/zenitcapital.com\/wp-content\/uploads\/2026\/03\/europeana-RdGy3TZQ440-e1773843910663-1300x966.jpg"},{"@type":"BreadcrumbList","@id":"https:\/\/zenitcapital.com\/blog\/#breadcrumb","itemListElement":[{"@type":"ListItem","position":1,"name":"Home","item":"https:\/\/zenitcapital.com\/"},{"@type":"ListItem","position":2,"name":"Blog"}]},{"@type":"WebSite","@id":"https:\/\/zenitcapital.com\/#website","url":"https:\/\/zenitcapital.com\/","name":"ZENIT","description":"Zenit tu punto m&aacute;s alto","publisher":{"@id":"https:\/\/zenitcapital.com\/#organization"},"potentialAction":[{"@type":"SearchAction","target":{"@type":"EntryPoint","urlTemplate":"https:\/\/zenitcapital.com\/?s={search_term_string}"},"query-input":{"@type":"PropertyValueSpecification","valueRequired":true,"valueName":"search_term_string"}}],"inLanguage":"es-DO"},{"@type":"Organization","@id":"https:\/\/zenitcapital.com\/#organization","name":"ZENIT","url":"https:\/\/zenitcapital.com\/","logo":{"@type":"ImageObject","inLanguage":"es-DO","@id":"https:\/\/zenitcapital.com\/#\/schema\/logo\/image\/","url":"https:\/\/zenitcapital.com\/wp-content\/uploads\/2024\/11\/Asset-3@2x.webp","contentUrl":"https:\/\/zenitcapital.com\/wp-content\/uploads\/2024\/11\/Asset-3@2x.webp","width":406,"height":100,"caption":"ZENIT"},"image":{"@id":"https:\/\/zenitcapital.com\/#\/schema\/logo\/image\/"}}]}},"_links":{"self":[{"href":"https:\/\/zenitcapital.com\/es\/wp-json\/wp\/v2\/pages\/12968","targetHints":{"allow":["GET"]}}],"collection":[{"href":"https:\/\/zenitcapital.com\/es\/wp-json\/wp\/v2\/pages"}],"about":[{"href":"https:\/\/zenitcapital.com\/es\/wp-json\/wp\/v2\/types\/page"}],"author":[{"embeddable":true,"href":"https:\/\/zenitcapital.com\/es\/wp-json\/wp\/v2\/users\/2"}],"replies":[{"embeddable":true,"href":"https:\/\/zenitcapital.com\/es\/wp-json\/wp\/v2\/comments?post=12968"}],"version-history":[{"count":44,"href":"https:\/\/zenitcapital.com\/es\/wp-json\/wp\/v2\/pages\/12968\/revisions"}],"predecessor-version":[{"id":13038,"href":"https:\/\/zenitcapital.com\/es\/wp-json\/wp\/v2\/pages\/12968\/revisions\/13038"}],"wp:attachment":[{"href":"https:\/\/zenitcapital.com\/es\/wp-json\/wp\/v2\/media?parent=12968"}],"curies":[{"name":"wp","href":"https:\/\/api.w.org\/{rel}","templated":true}]}}